{"id":19879,"date":"2025-10-25T18:09:03","date_gmt":"2025-10-25T18:09:03","guid":{"rendered":"https:\/\/test.sdfs.me\/our-branches\/"},"modified":"2026-01-26T16:30:20","modified_gmt":"2026-01-26T16:30:20","slug":"agences","status":"publish","type":"page","link":"https:\/\/test.sdfs.me\/fr\/agences\/","title":{"rendered":"Agences"},"content":{"rendered":"\t\t<div data-elementor-type=\"wp-page\" data-elementor-id=\"19879\" class=\"elementor elementor-19879 elementor-17580\" data-elementor-post-type=\"page\">\n\t\t\t\t<div class=\"elementor-element elementor-element-6849bdb e-flex e-con-boxed e-con e-parent\" data-id=\"6849bdb\" data-element_type=\"container\" data-e-type=\"container\" data-settings=\"{&quot;background_background&quot;:&quot;classic&quot;}\">\n\t\t\t\t\t<div class=\"e-con-inner\">\n\t\t<div class=\"elementor-element elementor-element-665bda8 e-con-full e-flex e-con e-child\" data-id=\"665bda8\" data-element_type=\"container\" data-e-type=\"container\" data-settings=\"{&quot;background_background&quot;:&quot;classic&quot;}\">\n\t\t\t\t<div class=\"elementor-element elementor-element-0605de1 elementor-hidden-tablet elementor-hidden-mobile elementor-widget elementor-widget-ct_heading\" data-id=\"0605de1\" data-element_type=\"widget\" data-e-type=\"widget\" data-widget_type=\"ct_heading.default\">\n\t\t\t\t<div class=\"elementor-widget-container\">\n\t\t\t\t\t<div id=\"ct_heading-0605de1\" class=\"ct-heading h-align-center item-st-default\">\r\n    <div class=\"heading-wrapper\">\r\n        <div class=\"inner-heading\">\r\n                              <h4 class=\"title-holder\">\r\n                  Sunlube                <\/h4>\r\n                          \t            \t\t<div class=\"item--sub-title no-image-bg\">\r\n                                                <span>\r\n                            Notre r\u00e9seau d'affaires                        <\/span>\r\n                    <\/div>\r\n            \t                <h3 class=\"item--title case-animate-time st-default \" data-wow-delay=\"ms\">\r\n                    <span>\u00c9voluer Ensemble \u2014 D\u2019une Vision <br> \u00e0 de Nombreuses Histoires \u00e0 Succ\u00e8s<\/span>                <\/h3>\r\n        <\/div>\r\n    <\/div>\r\n<\/div>\r\n\t\t\t\t<\/div>\n\t\t\t\t<\/div>\n\t\t\t\t<div class=\"elementor-element elementor-element-fd85173 elementor-hidden-desktop elementor-hidden-mobile elementor-widget elementor-widget-ct_heading\" data-id=\"fd85173\" data-element_type=\"widget\" data-e-type=\"widget\" data-widget_type=\"ct_heading.default\">\n\t\t\t\t<div class=\"elementor-widget-container\">\n\t\t\t\t\t<div id=\"ct_heading-fd85173\" class=\"ct-heading h-align-center item-st-default\">\r\n    <div class=\"heading-wrapper\">\r\n        <div class=\"inner-heading\">\r\n                              <h4 class=\"title-holder\">\r\n                  Sunlube                <\/h4>\r\n                          \t            \t\t<div class=\"item--sub-title no-image-bg\">\r\n                                                <span>\r\n                            Notre r\u00e9seau d'affaires                        <\/span>\r\n                    <\/div>\r\n            \t                <h3 class=\"item--title case-animate-time st-default \" data-wow-delay=\"ms\">\r\n                    <span>\u00c9voluer Ensemble \u2014 D\u2019une Vision <br> \u00e0 de Nombreuses Histoires \u00e0 Succ\u00e8s<\/span>                <\/h3>\r\n        <\/div>\r\n    <\/div>\r\n<\/div>\r\n\t\t\t\t<\/div>\n\t\t\t\t<\/div>\n\t\t\t\t<div class=\"elementor-element elementor-element-b2e9192 elementor-hidden-desktop elementor-hidden-tablet elementor-widget elementor-widget-ct_heading\" data-id=\"b2e9192\" data-element_type=\"widget\" data-e-type=\"widget\" data-widget_type=\"ct_heading.default\">\n\t\t\t\t<div class=\"elementor-widget-container\">\n\t\t\t\t\t<div id=\"ct_heading-b2e9192\" class=\"ct-heading h-align-center item-st-default\">\r\n    <div class=\"heading-wrapper\">\r\n        <div class=\"inner-heading\">\r\n                              <h4 class=\"title-holder\">\r\n                  Sunlube                <\/h4>\r\n                          \t            \t\t<div class=\"item--sub-title no-image-bg\">\r\n                                                <span>\r\n                            Notre r\u00e9seau d'affaires                        <\/span>\r\n                    <\/div>\r\n            \t                <h3 class=\"item--title case-animate-time st-default \" data-wow-delay=\"ms\">\r\n                    <span>\u00c9voluer Ensemble \u2014 D\u2019une Vision <br> \u00e0 de Nombreuses Histoires \u00e0 Succ\u00e8s<\/span>                <\/h3>\r\n        <\/div>\r\n    <\/div>\r\n<\/div>\r\n\t\t\t\t<\/div>\n\t\t\t\t<\/div>\n\t\t\t\t<div class=\"elementor-element elementor-element-9ad3f5f elementor-widget-divider--view-line elementor-widget elementor-widget-divider\" data-id=\"9ad3f5f\" data-element_type=\"widget\" data-e-type=\"widget\" data-widget_type=\"divider.default\">\n\t\t\t\t\t\t\t<div class=\"elementor-divider\">\n\t\t\t<span class=\"elementor-divider-separator\">\n\t\t\t\t\t\t<\/span>\n\t\t<\/div>\n\t\t\t\t\t\t<\/div>\n\t\t<div data-dce-background-color=\"#F4F4F4\" class=\"elementor-element elementor-element-bf974e4 e-con-full e-flex e-con e-child\" data-id=\"bf974e4\" data-element_type=\"container\" data-e-type=\"container\" data-settings=\"{&quot;background_background&quot;:&quot;classic&quot;}\">\n\t\t\t\t<div class=\"elementor-element elementor-element-cc4a65d elementor-widget elementor-widget-text-editor\" data-id=\"cc4a65d\" data-element_type=\"widget\" data-e-type=\"widget\" data-widget_type=\"text-editor.default\">\n\t\t\t\t\t\t\t\t\t<p data-path-to-node=\"1\">Notre parcours a cr\u00e9\u00e9 diverses entreprises \u2014 chacune unique, mais unie par la qualit\u00e9 et l&#8217;excellence. Ensemble, elles portent notre vision de b\u00e2tir une valeur durable.<\/p>\t\t\t\t\t\t\t\t<\/div>\n\t\t\t\t<\/div>\n\t\t\t\t<\/div>\n\t\t\t\t\t<\/div>\n\t\t\t\t<\/div>\n\t\t        <section class=\"elementor-section elementor-top-section elementor-element elementor-element-7e86f87 elementor-section-stretched elementor-section-boxed elementor-section-height-default elementor-section-height-default ct-header-fixed-none ct-column-none ct-row-scroll-none ct-row-gradient--none ct-row-container--default\" data-id=\"7e86f87\" data-element_type=\"section\" data-e-type=\"section\" data-settings=\"{&quot;stretch_section&quot;:&quot;section-stretched&quot;}\">\n            \n                        <div class=\"elementor-container elementor-column-gap-extended \">\n                    <div class=\"elementor-column elementor-col-33 elementor-top-column elementor-element elementor-element-32c9e22 ct-column-none col-offset-none\" data-id=\"32c9e22\" data-element_type=\"column\" data-e-type=\"column\">\n        <div class=\"elementor-widget-wrap elementor-element-populated\">\n                    \n        \t\t<div class=\"elementor-element elementor-element-6f2987e elementor-widget elementor-widget-image\" data-id=\"6f2987e\" data-element_type=\"widget\" data-e-type=\"widget\" data-widget_type=\"image.default\">\n\t\t\t\t\t\t\t\t\t\t\t\t\t\t\t<img decoding=\"async\" src=\"https:\/\/test.sdfs.me\/wp-content\/uploads\/2025\/11\/5.png\" title=\"\" alt=\"\" loading=\"lazy\" width=\"531\" class=\"smush-dimensions\" style=\"--smush-image-width: 531px; --smush-image-aspect-ratio: 531\/365;\" \/>\t\t\t\t\t\t\t\t\t\t\t\t\t\t\t<\/div>\n\t\t\t\t<div class=\"elementor-element elementor-element-6b5e7a6 elementor-widget-tablet__width-initial elementor-widget elementor-widget-ct_heading\" data-id=\"6b5e7a6\" data-element_type=\"widget\" data-e-type=\"widget\" data-widget_type=\"ct_heading.default\">\n\t\t\t\t<div class=\"elementor-widget-container\">\n\t\t\t\t\t<div id=\"ct_heading-6b5e7a6\" class=\"ct-heading h-align-center item-st-default\">\r\n    <div class=\"heading-wrapper\">\r\n        <div class=\"inner-heading\">\r\n                          \t                <h3 class=\"item--title case-animate-time st-default \" data-wow-delay=\"ms\">\r\n                    <span>lubrifiants Sunlube et fournisseur en \u00c9gypte<\/span>                <\/h3>\r\n        <\/div>\r\n    <\/div>\r\n<\/div>\r\n\t\t\t\t<\/div>\n\t\t\t\t<\/div>\n\t\t\t\t<div class=\"elementor-element elementor-element-dfe97fb elementor-widget elementor-widget-ct_text_editor\" data-id=\"dfe97fb\" data-element_type=\"widget\" data-e-type=\"widget\" data-widget_type=\"ct_text_editor.default\">\n\t\t\t\t<div class=\"elementor-widget-container\">\n\t\t\t\t\t<div id=\"ct_text_editor-dfe97fb\" class=\"ct-text-editor \" data-wow-delay=\"ms\">\n\t<div class=\"ct-inline-css\"  data-css=\"\n        \t\t\">\n\n    <\/div>\n\t<div class=\"ct-text-editor-inner elementor-clearfix\">\n\t\t<p>Sunlube produit des lubrifiants de haute qualit\u00e9 pour l&#8217;automobile et l&#8217;industrie, r\u00e9pondant avec pr\u00e9cision aux besoins de chaque client.<\/p>\t\t\n\t<\/div>\n<\/div>\t\t\t\t<\/div>\n\t\t\t\t<\/div>\n\t\t\t\t<div class=\"elementor-element elementor-element-fa702c9 elementor-align-center elementor-widget elementor-widget-ct_button\" data-id=\"fa702c9\" data-element_type=\"widget\" data-e-type=\"widget\" data-widget_type=\"ct_button.default\">\n\t\t\t\t<div class=\"elementor-widget-container\">\n\t\t\t\t\t<div id=\"ct_button-fa702c9\" class=\"ct-button-wrapper ct-button-layout1\">\r\n    <div class=\"ct-inline-css\"  data-css=\"\r\n        \">\r\n    <\/div>\r\n            <span class=\"ct-icon-active\"><\/span>\r\n        <a href=\"https:\/\/test.sdfs.me\/\" class=\"btn btn-primary  icon-ps-right \" data-wow-delay=\"ms\">\r\n                            <span class=\"ct-button-icon ct-align-icon-right\">\r\n                <i aria-hidden=\"true\" class=\"flaticon flaticon-right-1\"><\/i>            <\/span>\r\n                <span class=\"ct-button-text\">D\u00e9couvrir<\/span>\r\n    <\/a>\r\n<\/div>\t\t\t\t<\/div>\n\t\t\t\t<\/div>\n\t\t\t\t<div class=\"elementor-element elementor-element-8eef415 elementor-widget__width-inherit contact-info-custom2 elementor-widget elementor-widget-ct_contact_info\" data-id=\"8eef415\" data-element_type=\"widget\" data-e-type=\"widget\" data-widget_type=\"ct_contact_info.default\">\n\t\t\t\t<div class=\"elementor-widget-container\">\n\t\t\t\t\t    <div id=\"ct_contact_info-8eef415\" class=\"ct-contact-info ct-contact-info2 style2 \" data-wow-duration=\"1.2s\">\r\n                        <div class=\"item--contact-info\">\r\n                \t    \t\t\t        <span class=\"ct-contact-icon icon-shakeThatBooty\">\r\n                            <a href=\"tel:+01003822552\">        \t\t                <i aria-hidden=\"true\" class=\"flaticon flaticon-phone-call-1\"><\/i>        \t\t                                            <\/a>    \t\t\t        <\/span>\r\n    \t\t\t                        <div class=\"item-meta\">\r\n                        <label class=\"ct-contact-label\">\r\n                           Appelez-nous pour obtenir de l'aide                        <\/label>\r\n                                                    <a class=\"ct-contact-content\" href=\"tel:+01003822552\">\r\n                                01003822552                            <\/a>\r\n                                            <\/div>\r\n               <\/div>\r\n            <\/div>\r\n\t\t\t\t<\/div>\n\t\t\t\t<\/div>\n\t\t\t\t<div class=\"elementor-element elementor-element-d422d31 elementor-widget elementor-widget-google_maps\" data-id=\"d422d31\" data-element_type=\"widget\" data-e-type=\"widget\" data-widget_type=\"google_maps.default\">\n\t\t\t\t\t\t\t<div class=\"elementor-custom-embed\">\n\t\t\t<iframe loading=\"lazy\"\n\t\t\t\t\tsrc=\"https:\/\/maps.google.com\/maps?q=sadat%2C%20Beheira%20Governorate%206012171&#038;t=m&#038;z=12&#038;output=embed&#038;iwloc=near\"\n\t\t\t\t\ttitle=\"sadat, Beheira Governorate 6012171\"\n\t\t\t\t\taria-label=\"sadat, Beheira Governorate 6012171\"\n\t\t\t><\/iframe>\n\t\t<\/div>\n\t\t\t\t\t\t<\/div>\n\t\t            <\/div>\n        <\/div>\n                <div class=\"elementor-column elementor-col-33 elementor-top-column elementor-element elementor-element-7cd4bfd ct-column-none col-offset-none\" data-id=\"7cd4bfd\" data-element_type=\"column\" data-e-type=\"column\">\n        <div class=\"elementor-widget-wrap elementor-element-populated\">\n                    \n        \t\t<div class=\"elementor-element elementor-element-82fe76f elementor-widget elementor-widget-image\" data-id=\"82fe76f\" data-element_type=\"widget\" data-e-type=\"widget\" data-widget_type=\"image.default\">\n\t\t\t\t\t\t\t\t\t\t\t\t\t\t\t<img decoding=\"async\" src=\"https:\/\/test.sdfs.me\/wp-content\/uploads\/2025\/10\/1-3.png\" title=\"\" alt=\"\" loading=\"lazy\" width=\"531\" class=\"smush-dimensions\" style=\"--smush-image-width: 531px; --smush-image-aspect-ratio: 531\/366;\" \/>\t\t\t\t\t\t\t\t\t\t\t\t\t\t\t<\/div>\n\t\t\t\t<div class=\"elementor-element elementor-element-c36769e elementor-widget-tablet__width-initial elementor-widget elementor-widget-ct_heading\" data-id=\"c36769e\" data-element_type=\"widget\" data-e-type=\"widget\" data-widget_type=\"ct_heading.default\">\n\t\t\t\t<div class=\"elementor-widget-container\">\n\t\t\t\t\t<div id=\"ct_heading-c36769e\" class=\"ct-heading h-align-center item-st-default\">\r\n    <div class=\"heading-wrapper\">\r\n        <div class=\"inner-heading\">\r\n                          \t                <h3 class=\"item--title case-animate-time st-default \" data-wow-delay=\"ms\">\r\n                    <span>Fabricant et fournisseur d'huiles de base \u00e0 Duba\u00ef, \u00c9mirats arabes unis<\/span>                <\/h3>\r\n        <\/div>\r\n    <\/div>\r\n<\/div>\r\n\t\t\t\t<\/div>\n\t\t\t\t<\/div>\n\t\t\t\t<div class=\"elementor-element elementor-element-1ebd8f8 elementor-widget elementor-widget-ct_text_editor\" data-id=\"1ebd8f8\" data-element_type=\"widget\" data-e-type=\"widget\" data-widget_type=\"ct_text_editor.default\">\n\t\t\t\t<div class=\"elementor-widget-container\">\n\t\t\t\t\t<div id=\"ct_text_editor-1ebd8f8\" class=\"ct-text-editor \" data-wow-delay=\"ms\">\n\t<div class=\"ct-inline-css\"  data-css=\"\n        \t\t\">\n\n    <\/div>\n\t<div class=\"ct-text-editor-inner elementor-clearfix\">\n\t\t<p data-start=\"72\" data-end=\"239\">Leader \u00e0 Duba\u00ef, nous produisons des huiles de base premium pour des applications industrielles et automobiles de haute performance.<\/p>\t\t\n\t<\/div>\n<\/div>\t\t\t\t<\/div>\n\t\t\t\t<\/div>\n\t\t\t\t<div class=\"elementor-element elementor-element-92b8288 elementor-align-center elementor-widget elementor-widget-ct_button\" data-id=\"92b8288\" data-element_type=\"widget\" data-e-type=\"widget\" data-widget_type=\"ct_button.default\">\n\t\t\t\t<div class=\"elementor-widget-container\">\n\t\t\t\t\t<div id=\"ct_button-92b8288\" class=\"ct-button-wrapper ct-button-layout1\">\r\n    <div class=\"ct-inline-css\"  data-css=\"\r\n        \">\r\n    <\/div>\r\n            <span class=\"ct-icon-active\"><\/span>\r\n        <a href=\"https:\/\/kleenlube.ae\/\" class=\"btn btn-primary  icon-ps-right \" data-wow-delay=\"ms\">\r\n                            <span class=\"ct-button-icon ct-align-icon-right\">\r\n                <i aria-hidden=\"true\" class=\"flaticon flaticon-right-1\"><\/i>            <\/span>\r\n                <span class=\"ct-button-text\">D\u00e9couvrir<\/span>\r\n    <\/a>\r\n<\/div>\t\t\t\t<\/div>\n\t\t\t\t<\/div>\n\t\t\t\t<div class=\"elementor-element elementor-element-a1bb0bb elementor-widget__width-inherit contact-info-custom2 elementor-widget elementor-widget-ct_contact_info\" data-id=\"a1bb0bb\" data-element_type=\"widget\" data-e-type=\"widget\" data-widget_type=\"ct_contact_info.default\">\n\t\t\t\t<div class=\"elementor-widget-container\">\n\t\t\t\t\t    <div id=\"ct_contact_info-a1bb0bb\" class=\"ct-contact-info ct-contact-info2 style2 \" data-wow-duration=\"1.2s\">\r\n                        <div class=\"item--contact-info\">\r\n                \t    \t\t\t        <span class=\"ct-contact-icon icon-shakeThatBooty\">\r\n                            <a href=\"tel:+971 50 907 2153\">        \t\t                <i aria-hidden=\"true\" class=\"flaticon flaticon-phone-call-1\"><\/i>        \t\t                                            <\/a>    \t\t\t        <\/span>\r\n    \t\t\t                        <div class=\"item-meta\">\r\n                        <label class=\"ct-contact-label\">\r\n                           Appelez-nous pour obtenir de l'aide                        <\/label>\r\n                                                    <a class=\"ct-contact-content\" href=\"tel:+971 50 907 2153\">\r\n                                971 50 907 2153                            <\/a>\r\n                                            <\/div>\r\n               <\/div>\r\n            <\/div>\r\n\t\t\t\t<\/div>\n\t\t\t\t<\/div>\n\t\t\t\t<div class=\"elementor-element elementor-element-84f5812 elementor-widget elementor-widget-google_maps\" data-id=\"84f5812\" data-element_type=\"widget\" data-e-type=\"widget\" data-widget_type=\"google_maps.default\">\n\t\t\t\t\t\t\t<div class=\"elementor-custom-embed\">\n\t\t\t<iframe loading=\"lazy\"\n\t\t\t\t\tsrc=\"https:\/\/maps.google.com\/maps?q=CX2J%2BFV%20Adhen%2C%20Ras%20Al%20Khaimah%20-%20United%20Arab%20Emirates&#038;t=m&#038;z=12&#038;output=embed&#038;iwloc=near\"\n\t\t\t\t\ttitle=\"CX2J+FV Adhen, Ras Al Khaimah - United Arab Emirates\"\n\t\t\t\t\taria-label=\"CX2J+FV Adhen, Ras Al Khaimah - United Arab Emirates\"\n\t\t\t><\/iframe>\n\t\t<\/div>\n\t\t\t\t\t\t<\/div>\n\t\t            <\/div>\n        <\/div>\n                <div class=\"elementor-column elementor-col-33 elementor-top-column elementor-element elementor-element-3de02a7 ct-column-none col-offset-none\" data-id=\"3de02a7\" data-element_type=\"column\" data-e-type=\"column\">\n        <div class=\"elementor-widget-wrap elementor-element-populated\">\n                    \n        \t\t<div class=\"elementor-element elementor-element-7986a31 elementor-widget elementor-widget-image\" data-id=\"7986a31\" data-element_type=\"widget\" data-e-type=\"widget\" data-widget_type=\"image.default\">\n\t\t\t\t\t\t\t\t\t\t\t\t\t\t\t<img decoding=\"async\" src=\"https:\/\/test.sdfs.me\/wp-content\/uploads\/2025\/10\/2-5.png\" title=\"\" alt=\"\" loading=\"lazy\" width=\"531\" class=\"smush-dimensions\" style=\"--smush-image-width: 531px; --smush-image-aspect-ratio: 531\/366;\" \/>\t\t\t\t\t\t\t\t\t\t\t\t\t\t\t<\/div>\n\t\t\t\t<div class=\"elementor-element elementor-element-63efa9d elementor-widget-tablet__width-initial elementor-widget elementor-widget-ct_heading\" data-id=\"63efa9d\" data-element_type=\"widget\" data-e-type=\"widget\" data-widget_type=\"ct_heading.default\">\n\t\t\t\t<div class=\"elementor-widget-container\">\n\t\t\t\t\t<div id=\"ct_heading-63efa9d\" class=\"ct-heading h-align-center item-st-default\">\r\n    <div class=\"heading-wrapper\">\r\n        <div class=\"inner-heading\">\r\n                          \t                <h3 class=\"item--title case-animate-time st-default \" data-wow-delay=\"ms\">\r\n                    <span>Sun Petrochem FZC et fournisseur \u00e0 Duba\u00ef, \u00c9mirats arabes unis<\/span>                <\/h3>\r\n        <\/div>\r\n    <\/div>\r\n<\/div>\r\n\t\t\t\t<\/div>\n\t\t\t\t<\/div>\n\t\t\t\t<div class=\"elementor-element elementor-element-0e8d2b7 elementor-widget elementor-widget-ct_text_editor\" data-id=\"0e8d2b7\" data-element_type=\"widget\" data-e-type=\"widget\" data-widget_type=\"ct_text_editor.default\">\n\t\t\t\t<div class=\"elementor-widget-container\">\n\t\t\t\t\t<div id=\"ct_text_editor-0e8d2b7\" class=\"ct-text-editor \" data-wow-delay=\"ms\">\n\t<div class=\"ct-inline-css\"  data-css=\"\n        \t\t\">\n\n    <\/div>\n\t<div class=\"ct-text-editor-inner elementor-clearfix\">\n\t\t<p data-start=\"72\" data-end=\"239\">Sun Petrochem FZC offre des installations de pointe pour le stockage et le traitement expert des produits p\u00e9trochimiques et p\u00e9troliers.<\/p>\t\t\n\t<\/div>\n<\/div>\t\t\t\t<\/div>\n\t\t\t\t<\/div>\n\t\t\t\t<div class=\"elementor-element elementor-element-f20ab71 elementor-align-center elementor-widget elementor-widget-ct_button\" data-id=\"f20ab71\" data-element_type=\"widget\" data-e-type=\"widget\" data-widget_type=\"ct_button.default\">\n\t\t\t\t<div class=\"elementor-widget-container\">\n\t\t\t\t\t<div id=\"ct_button-f20ab71\" class=\"ct-button-wrapper ct-button-layout1\">\r\n    <div class=\"ct-inline-css\"  data-css=\"\r\n        \">\r\n    <\/div>\r\n            <span class=\"ct-icon-active\"><\/span>\r\n        <a href=\"https:\/\/sunpetrochem.ae\/\" class=\"btn btn-primary  icon-ps-right \" data-wow-delay=\"ms\">\r\n                            <span class=\"ct-button-icon ct-align-icon-right\">\r\n                <i aria-hidden=\"true\" class=\"flaticon flaticon-right-1\"><\/i>            <\/span>\r\n                <span class=\"ct-button-text\">D\u00e9couvrir<\/span>\r\n    <\/a>\r\n<\/div>\t\t\t\t<\/div>\n\t\t\t\t<\/div>\n\t\t\t\t<div class=\"elementor-element elementor-element-ff1396f elementor-widget__width-inherit contact-info-custom2 elementor-widget elementor-widget-ct_contact_info\" data-id=\"ff1396f\" data-element_type=\"widget\" data-e-type=\"widget\" data-widget_type=\"ct_contact_info.default\">\n\t\t\t\t<div class=\"elementor-widget-container\">\n\t\t\t\t\t    <div id=\"ct_contact_info-ff1396f\" class=\"ct-contact-info ct-contact-info2 style2 \" data-wow-duration=\"1.2s\">\r\n                        <div class=\"item--contact-info\">\r\n                \t    \t\t\t        <span class=\"ct-contact-icon icon-shakeThatBooty\">\r\n                            <a href=\"tel:+971504951028\">        \t\t                <i aria-hidden=\"true\" class=\"flaticon flaticon-phone-call-1\"><\/i>        \t\t                                            <\/a>    \t\t\t        <\/span>\r\n    \t\t\t                        <div class=\"item-meta\">\r\n                        <label class=\"ct-contact-label\">\r\n                           Appelez-nous pour obtenir de l'aide                        <\/label>\r\n                                                    <a class=\"ct-contact-content\" href=\"tel:+971504951028\">\r\n                                971504951028                            <\/a>\r\n                                            <\/div>\r\n               <\/div>\r\n            <\/div>\r\n\t\t\t\t<\/div>\n\t\t\t\t<\/div>\n\t\t\t\t<div class=\"elementor-element elementor-element-c6086f1 elementor-widget elementor-widget-google_maps\" data-id=\"c6086f1\" data-element_type=\"widget\" data-e-type=\"widget\" data-widget_type=\"google_maps.default\">\n\t\t\t\t\t\t\t<div class=\"elementor-custom-embed\">\n\t\t\t<iframe loading=\"lazy\"\n\t\t\t\t\tsrc=\"https:\/\/maps.google.com\/maps?q=CGW3%2B2Q%20Al%20Hamriyah%2C%20Sharjah%20-%20United%20Arab%20Emirates&#038;t=m&#038;z=12&#038;output=embed&#038;iwloc=near\"\n\t\t\t\t\ttitle=\"CGW3+2Q Al Hamriyah, Sharjah - United Arab Emirates\"\n\t\t\t\t\taria-label=\"CGW3+2Q Al Hamriyah, Sharjah - United Arab Emirates\"\n\t\t\t><\/iframe>\n\t\t<\/div>\n\t\t\t\t\t\t<\/div>\n\t\t            <\/div>\n        <\/div>\n                    <\/div>\n        <\/section>\n        \t\t<\/div>\n\t\t","protected":false},"excerpt":{"rendered":"<p>Sunlube Notre r\u00e9seau d&#8217;affaires \u00c9voluer Ensemble \u2014 D\u2019une Vision \u00e0 de Nombreuses Histoires \u00e0 Succ\u00e8s Sunlube Notre r\u00e9seau d&#8217;affaires \u00c9voluer Ensemble \u2014 D\u2019une Vision \u00e0 de Nombreuses Histoires \u00e0 Succ\u00e8s Sunlube Notre r\u00e9seau d&#8217;affaires \u00c9voluer Ensemble \u2014 D\u2019une Vision \u00e0 de Nombreuses Histoires \u00e0 Succ\u00e8s Notre parcours a cr\u00e9\u00e9 diverses entreprises \u2014 chacune unique, mais [&hellip;]<\/p>\n","protected":false},"author":8,"featured_media":0,"parent":0,"menu_order":0,"comment_status":"closed","ping_status":"closed","template":"","meta":{"_acf_changed":false,"footnotes":""},"class_list":["post-19879","page","type-page","status-publish","hentry"],"acf":[],"_links":{"self":[{"href":"https:\/\/test.sdfs.me\/fr\/wp-json\/wp\/v2\/pages\/19879","targetHints":{"allow":["GET"]}}],"collection":[{"href":"https:\/\/test.sdfs.me\/fr\/wp-json\/wp\/v2\/pages"}],"about":[{"href":"https:\/\/test.sdfs.me\/fr\/wp-json\/wp\/v2\/types\/page"}],"author":[{"embeddable":true,"href":"https:\/\/test.sdfs.me\/fr\/wp-json\/wp\/v2\/users\/8"}],"replies":[{"embeddable":true,"href":"https:\/\/test.sdfs.me\/fr\/wp-json\/wp\/v2\/comments?post=19879"}],"version-history":[{"count":0,"href":"https:\/\/test.sdfs.me\/fr\/wp-json\/wp\/v2\/pages\/19879\/revisions"}],"wp:attachment":[{"href":"https:\/\/test.sdfs.me\/fr\/wp-json\/wp\/v2\/media?parent=19879"}],"curies":[{"name":"wp","href":"https:\/\/api.w.org\/{rel}","templated":true}]}}