{"id":19920,"date":"2025-10-05T20:02:22","date_gmt":"2025-10-05T20:02:22","guid":{"rendered":"https:\/\/test.sdfs.me\/diesel-engine-oil\/"},"modified":"2026-02-01T21:54:43","modified_gmt":"2026-02-01T21:54:43","slug":"huile-moteur-diesel","status":"publish","type":"page","link":"https:\/\/test.sdfs.me\/fr\/huile-moteur-diesel\/","title":{"rendered":"Huile Moteur Diesel"},"content":{"rendered":"\t\t<div data-elementor-type=\"wp-page\" data-elementor-id=\"19920\" class=\"elementor elementor-19920 elementor-16772\" data-elementor-post-type=\"page\">\n\t\t\t\t        <section data-dce-background-color=\"#EFEFEF\" data-dce-background-overlay-image-url=\"https:\/\/demo.casethemes.net\/industo\/wp-content\/uploads\/2021\/11\/vt-5.png\" class=\"elementor-section elementor-top-section elementor-element elementor-element-365ca29 elementor-section-stretched elementor-section-boxed elementor-section-height-default elementor-section-height-default ct-header-fixed-none ct-column-none ct-row-scroll-none ct-row-gradient--none ct-row-container--default\" data-id=\"365ca29\" data-element_type=\"section\" data-e-type=\"section\" data-settings=\"{&quot;stretch_section&quot;:&quot;section-stretched&quot;,&quot;background_background&quot;:&quot;classic&quot;}\">\n                            <div class=\"elementor-background-overlay\"><\/div>\n                \n                        <div class=\"elementor-container elementor-column-gap-extended \">\n                    <div class=\"elementor-column elementor-col-100 elementor-top-column elementor-element elementor-element-035263a ct-column-none col-offset-none\" data-id=\"035263a\" data-element_type=\"column\" data-e-type=\"column\">\n        <div class=\"elementor-widget-wrap elementor-element-populated\">\n                    \n        \t\t<div class=\"elementor-element elementor-element-49f998f elementor-widget elementor-widget-ct_particle_animate\" data-id=\"49f998f\" data-element_type=\"widget\" data-e-type=\"widget\" data-widget_type=\"ct_particle_animate.default\">\n\t\t\t\t<div class=\"elementor-widget-container\">\n\t\t\t\t\t\t<div class=\"ct-particle-animate el-move-parents img-below-content \" data-wow-delay=\"ms\">\r\n\t\t\t\t    <div id=\"ct_particle_animate-49f998f0\" class=\"top-right shape-animate4\" >\r\n\t\t    \t\t\t\t    \t\t\t    \t<div class=\"ct-inline-css\"  data-css=\"\r\n\t\t\t            .ct-particle-animate #ct_particle_animate-49f998f0 {\r\n\t\t\t                right: 140px;\r\n\t\t\t                top: 80px;\r\n\t\t\t            }\">\r\n\t\t\t        <\/div>\r\n\t\t\t    \t\t\t    \t\t\t    \t\t    \t\t\t\r\n\t\t    <\/div>\r\n\t\t\t\t    <div id=\"ct_particle_animate-49f998f1\" class=\"top-left animate-none\" >\r\n\t\t    \t\t\t\t    \t<div class=\"ct-inline-css\"  data-css=\"\r\n\t\t\t            .ct-particle-animate #ct_particle_animate-49f998f1 {\r\n\t\t\t                left: 15%;\r\n\t\t\t                top: 0px;\r\n\t\t\t            }\">\r\n\t\t\t        <\/div>\r\n\t\t\t    \t\t\t    \t\t\t    \t\t\t    \t\t    \t<img fetchpriority=\"high\" decoding=\"async\" width=\"345\" height=\"303\" src=\"https:\/\/test.sdfs.me\/wp-content\/uploads\/2021\/11\/img-vector1.png\" class=\"attachment-full\" alt=\"\" \/>\t\t\r\n\t\t    <\/div>\r\n\t\t\t<\/div>\r\n\t\t\t\t<\/div>\n\t\t\t\t<\/div>\n\t\t\t\t<div class=\"elementor-element elementor-element-b88cefe elementor-hidden-tablet elementor-hidden-mobile elementor-widget elementor-widget-ct_heading\" data-id=\"b88cefe\" data-element_type=\"widget\" data-e-type=\"widget\" data-widget_type=\"ct_heading.default\">\n\t\t\t\t<div class=\"elementor-widget-container\">\n\t\t\t\t\t<div id=\"ct_heading-b88cefe\" class=\"ct-heading h-align-center item-st-default\">\r\n    <div class=\"heading-wrapper\">\r\n        <div class=\"inner-heading\">\r\n                              <h4 class=\"title-holder\">\r\n                  Produit                <\/h4>\r\n                          \t            \t\t<div class=\"item--sub-title no-image-bg\">\r\n                                                <span>\r\n                            Qualit\u00e9 Premium                        <\/span>\r\n                    <\/div>\r\n            \t                <h3 class=\"item--title case-animate-time st-default \" data-wow-delay=\"ms\">\r\n                    <span>D\u00e9couvrez nos options premium dans cette cat\u00e9gorie.<\/span>                <\/h3>\r\n        <\/div>\r\n    <\/div>\r\n<\/div>\r\n\t\t\t\t<\/div>\n\t\t\t\t<\/div>\n\t\t\t\t<div class=\"elementor-element elementor-element-c4286b7 elementor-hidden-desktop elementor-hidden-mobile elementor-widget elementor-widget-ct_heading\" data-id=\"c4286b7\" data-element_type=\"widget\" data-e-type=\"widget\" data-widget_type=\"ct_heading.default\">\n\t\t\t\t<div class=\"elementor-widget-container\">\n\t\t\t\t\t<div id=\"ct_heading-c4286b7\" class=\"ct-heading h-align-center item-st-default\">\r\n    <div class=\"heading-wrapper\">\r\n        <div class=\"inner-heading\">\r\n                              <h4 class=\"title-holder\">\r\n                  Produit                <\/h4>\r\n                          \t            \t\t<div class=\"item--sub-title no-image-bg\">\r\n                                                <span>\r\n                            Qualit\u00e9 Premium                        <\/span>\r\n                    <\/div>\r\n            \t                <h3 class=\"item--title case-animate-time st-default \" data-wow-delay=\"ms\">\r\n                    <span>Explore our premium options under this category.<\/span>                <\/h3>\r\n        <\/div>\r\n    <\/div>\r\n<\/div>\r\n\t\t\t\t<\/div>\n\t\t\t\t<\/div>\n\t\t\t\t<div class=\"elementor-element elementor-element-206edad elementor-hidden-desktop elementor-hidden-tablet elementor-widget elementor-widget-ct_heading\" data-id=\"206edad\" data-element_type=\"widget\" data-e-type=\"widget\" data-widget_type=\"ct_heading.default\">\n\t\t\t\t<div class=\"elementor-widget-container\">\n\t\t\t\t\t<div id=\"ct_heading-206edad\" class=\"ct-heading h-align-center item-st-default\">\r\n    <div class=\"heading-wrapper\">\r\n        <div class=\"inner-heading\">\r\n                              <h4 class=\"title-holder\">\r\n                  Produit                <\/h4>\r\n                          \t            \t\t<div class=\"item--sub-title no-image-bg\">\r\n                                                <span>\r\n                            Qualit\u00e9 Premium                        <\/span>\r\n                    <\/div>\r\n            \t                <h3 class=\"item--title case-animate-time st-default \" data-wow-delay=\"ms\">\r\n                    <span>Explore our premium options under this category.<\/span>                <\/h3>\r\n        <\/div>\r\n    <\/div>\r\n<\/div>\r\n\t\t\t\t<\/div>\n\t\t\t\t<\/div>\n\t\t\t\t<div class=\"elementor-element elementor-element-b41c428 elementor-widget-divider--view-line elementor-widget elementor-widget-divider\" data-id=\"b41c428\" data-element_type=\"widget\" data-e-type=\"widget\" data-widget_type=\"divider.default\">\n\t\t\t\t\t\t\t<div class=\"elementor-divider\">\n\t\t\t<span class=\"elementor-divider-separator\">\n\t\t\t\t\t\t<\/span>\n\t\t<\/div>\n\t\t\t\t\t\t<\/div>\n\t\t\t\t<div class=\"elementor-element elementor-element-b6eeb9f elementor-widget elementor-widget-ct_text_editor\" data-id=\"b6eeb9f\" data-element_type=\"widget\" data-e-type=\"widget\" data-widget_type=\"ct_text_editor.default\">\n\t\t\t\t<div class=\"elementor-widget-container\">\n\t\t\t\t\t<div id=\"ct_text_editor-b6eeb9f\" class=\"ct-text-editor \" data-wow-delay=\"ms\">\n\t<div class=\"ct-inline-css\"  data-css=\"\n        \t\t\">\n\n    <\/div>\n\t<div class=\"ct-text-editor-inner elementor-clearfix\">\n\t\t<blockquote data-start=\"526\" data-end=\"603\"><div class=\"flex flex-col text-sm pb-25\"><article class=\"text-token-text-primary w-full focus:outline-none [--shadow-height:45px] has-data-writing-block:pointer-events-none has-data-writing-block:-mt-(--shadow-height) has-data-writing-block:pt-(--shadow-height) [&amp;:has([data-writing-block])&gt;*]:pointer-events-auto scroll-mt-[calc(var(--header-height)+min(200px,max(70px,20svh)))]\" dir=\"auto\" data-turn-id=\"request-695d3163-ac00-832c-8f5c-9af00224f995-71\" data-testid=\"conversation-turn-142\" data-scroll-anchor=\"true\" data-turn=\"assistant\"><div class=\"text-base my-auto mx-auto pb-10 [--thread-content-margin:--spacing(4)] @w-sm\/main:[--thread-content-margin:--spacing(6)] @w-lg\/main:[--thread-content-margin:--spacing(16)] px-(--thread-content-margin)\"><div class=\"[--thread-content-max-width:40rem] @w-lg\/main:[--thread-content-max-width:48rem] mx-auto max-w-(--thread-content-max-width) flex-1 group\/turn-messages focus-visible:outline-hidden relative flex w-full min-w-0 flex-col agent-turn\"><div class=\"flex max-w-full flex-col grow\"><div class=\"min-h-8 text-message relative flex w-full flex-col items-end gap-2 text-start break-words whitespace-normal [.text-message+&amp;]:mt-1\" dir=\"auto\" data-message-author-role=\"assistant\" data-message-id=\"14d5f723-1938-49b7-8718-5c141b41d6b9\" data-message-model-slug=\"gpt-5-mini\"><div class=\"flex w-full flex-col gap-1 empty:hidden first:pt-[1px]\"><div class=\"markdown prose dark:prose-invert w-full break-words dark markdown-new-styling\"><p data-start=\"0\" data-end=\"78\" data-is-last-node=\"\" data-is-only-node=\"\">Trouvez le lubrifiant id\u00e9al pour chaque moteur, v\u00e9hicule ou besoin industriel.<\/p><\/div><\/div><\/div><\/div><\/div><\/div><\/article><\/div><\/blockquote>\t\t\n\t<\/div>\n<\/div>\t\t\t\t<\/div>\n\t\t\t\t<\/div>\n\t\t<div class=\"elementor-element elementor-element-a951c08 e-grid e-con-full e-con e-parent\" data-id=\"a951c08\" data-element_type=\"container\" data-e-type=\"container\">\n\t\t<div data-dce-background-color=\"#FFFFFF\" data-dce-background-overlay-color=\"#FFFFFF\" class=\"elementor-element elementor-element-ff0a8bd e-con-full e-flex e-con e-child\" data-id=\"ff0a8bd\" data-element_type=\"container\" data-e-type=\"container\" data-settings=\"{&quot;background_background&quot;:&quot;classic&quot;}\">\n\t\t\t\t<div class=\"elementor-element elementor-element-830bafe elementor-widget elementor-widget-ct_image\" data-id=\"830bafe\" data-element_type=\"widget\" data-e-type=\"widget\" data-widget_type=\"ct_image.default\">\n\t\t\t\t<div class=\"elementor-widget-container\">\n\t\t\t\t\t<div class=\"ct-image-single   \" data-width=\"\" data-height=\"\" data-wow-delay=\"ms\">\r\n            <div class=\"ct-image-single--inner\">\r\n            <a href=\"https:\/\/test.sdfs.me\/product-category\/diesel-engine-oil-2\/api-ch-4-sj\/\">                <img decoding=\"async\" width=\"1080\" height=\"1080\" src=\"https:\/\/test.sdfs.me\/wp-content\/uploads\/2025\/10\/DIESEL-ENGINE-OIL-API-CH-4-SL-50.png\" class=\"no-lazyload img-main attachment-full\" alt=\"\" \/>            <\/a>        <\/div>\r\n    <\/div>\t\t\t\t<\/div>\n\t\t\t\t<\/div>\n\t\t\t\t<div class=\"elementor-element elementor-element-7ac5b48 elementor-widget elementor-widget-ct_button\" data-id=\"7ac5b48\" data-element_type=\"widget\" data-e-type=\"widget\" data-widget_type=\"ct_button.default\">\n\t\t\t\t<div class=\"elementor-widget-container\">\n\t\t\t\t\t<div id=\"ct_button-7ac5b48\" class=\"ct-button-wrapper ct-button-layout1\">\r\n    <div class=\"ct-inline-css\"  data-css=\"\r\n        \">\r\n    <\/div>\r\n            <span class=\"ct-icon-active\"><\/span>\r\n        <a href=\"https:\/\/test.sdfs.me\/product-category\/diesel-engine-oil-2\/api-ch-4-sj\/\" class=\"btn btn-default  icon-ps-right \" data-wow-delay=\"ms\">\r\n                            <span class=\"ct-button-icon ct-align-icon-right\">\r\n                <i aria-hidden=\"true\" class=\"fas fa-angle-right\"><\/i>            <\/span>\r\n                <span class=\"ct-button-text\">API CH-4\/SJ<\/span>\r\n    <\/a>\r\n<\/div>\t\t\t\t<\/div>\n\t\t\t\t<\/div>\n\t\t\t\t<\/div>\n\t\t<div data-dce-background-color=\"#FFFFFF\" data-dce-background-overlay-color=\"#FFFFFF\" class=\"elementor-element elementor-element-dfd9558 e-con-full e-flex e-con e-child\" data-id=\"dfd9558\" data-element_type=\"container\" data-e-type=\"container\" data-settings=\"{&quot;background_background&quot;:&quot;classic&quot;}\">\n\t\t\t\t<div class=\"elementor-element elementor-element-d8248ca elementor-widget elementor-widget-ct_image\" data-id=\"d8248ca\" data-element_type=\"widget\" data-e-type=\"widget\" data-widget_type=\"ct_image.default\">\n\t\t\t\t<div class=\"elementor-widget-container\">\n\t\t\t\t\t<div class=\"ct-image-single   \" data-width=\"\" data-height=\"\" data-wow-delay=\"ms\">\r\n            <div class=\"ct-image-single--inner\">\r\n            <a href=\"https:\/\/test.sdfs.me\/product-category\/diesel-engine-oil-2\/api-ci-4-sl\/\">                <img decoding=\"async\" width=\"1080\" height=\"1080\" src=\"https:\/\/test.sdfs.me\/wp-content\/uploads\/2025\/10\/DIESEL-ENGINE-OIL-API-CI-4-SL-15W40.png\" class=\"no-lazyload img-main attachment-full\" alt=\"\" \/>            <\/a>        <\/div>\r\n    <\/div>\t\t\t\t<\/div>\n\t\t\t\t<\/div>\n\t\t\t\t<div class=\"elementor-element elementor-element-105e462 elementor-widget elementor-widget-ct_button\" data-id=\"105e462\" data-element_type=\"widget\" data-e-type=\"widget\" data-widget_type=\"ct_button.default\">\n\t\t\t\t<div class=\"elementor-widget-container\">\n\t\t\t\t\t<div id=\"ct_button-105e462\" class=\"ct-button-wrapper ct-button-layout1\">\r\n    <div class=\"ct-inline-css\"  data-css=\"\r\n        \">\r\n    <\/div>\r\n            <span class=\"ct-icon-active\"><\/span>\r\n        <a href=\"https:\/\/test.sdfs.me\/product-category\/diesel-engine-oil-2\/api-ci-4-sl\/\" class=\"btn btn-default  icon-ps-right \" data-wow-delay=\"ms\">\r\n                            <span class=\"ct-button-icon ct-align-icon-right\">\r\n                <i aria-hidden=\"true\" class=\"fas fa-angle-right\"><\/i>            <\/span>\r\n                <span class=\"ct-button-text\">API CI-4\/SL<\/span>\r\n    <\/a>\r\n<\/div>\t\t\t\t<\/div>\n\t\t\t\t<\/div>\n\t\t\t\t<\/div>\n\t\t<div data-dce-background-color=\"#FFFFFF\" data-dce-background-overlay-color=\"#FFFFFF\" class=\"elementor-element elementor-element-9dc1ee7 e-con-full e-flex e-con e-child\" data-id=\"9dc1ee7\" data-element_type=\"container\" data-e-type=\"container\" data-settings=\"{&quot;background_background&quot;:&quot;classic&quot;}\">\n\t\t\t\t<div class=\"elementor-element elementor-element-fac66a5 elementor-widget elementor-widget-ct_image\" data-id=\"fac66a5\" data-element_type=\"widget\" data-e-type=\"widget\" data-widget_type=\"ct_image.default\">\n\t\t\t\t<div class=\"elementor-widget-container\">\n\t\t\t\t\t<div class=\"ct-image-single   \" data-width=\"\" data-height=\"\" data-wow-delay=\"ms\">\r\n            <div class=\"ct-image-single--inner\">\r\n            <a href=\"https:\/\/test.sdfs.me\/product-category\/diesel-engine-oil-2\/api-cj-4\/\">                <img loading=\"lazy\" decoding=\"async\" width=\"1080\" height=\"1080\" src=\"https:\/\/test.sdfs.me\/wp-content\/uploads\/2025\/10\/DIESEL-ENGINE-OIL-API-CJ-4-20W50.png\" class=\"no-lazyload img-main attachment-full\" alt=\"\" \/>            <\/a>        <\/div>\r\n    <\/div>\t\t\t\t<\/div>\n\t\t\t\t<\/div>\n\t\t\t\t<div class=\"elementor-element elementor-element-aaf7379 elementor-widget elementor-widget-ct_button\" data-id=\"aaf7379\" data-element_type=\"widget\" data-e-type=\"widget\" data-widget_type=\"ct_button.default\">\n\t\t\t\t<div class=\"elementor-widget-container\">\n\t\t\t\t\t<div id=\"ct_button-aaf7379\" class=\"ct-button-wrapper ct-button-layout1\">\r\n    <div class=\"ct-inline-css\"  data-css=\"\r\n        \">\r\n    <\/div>\r\n            <span class=\"ct-icon-active\"><\/span>\r\n        <a href=\"https:\/\/test.sdfs.me\/product-category\/diesel-engine-oil-2\/api-cj-4\/\" class=\"btn btn-default  icon-ps-right \" data-wow-delay=\"ms\">\r\n                            <span class=\"ct-button-icon ct-align-icon-right\">\r\n                <i aria-hidden=\"true\" class=\"fas fa-angle-right\"><\/i>            <\/span>\r\n                <span class=\"ct-button-text\">API CJ-4<\/span>\r\n    <\/a>\r\n<\/div>\t\t\t\t<\/div>\n\t\t\t\t<\/div>\n\t\t\t\t<\/div>\n\t\t\t\t<\/div>\n\t\t\t\t<div class=\"elementor-element elementor-element-fba487d elementor-widget elementor-widget-ct_particle_animate\" data-id=\"fba487d\" data-element_type=\"widget\" data-e-type=\"widget\" data-widget_type=\"ct_particle_animate.default\">\n\t\t\t\t<div class=\"elementor-widget-container\">\n\t\t\t\t\t\t<div class=\"ct-particle-animate el-move-parents img-below-content wow fadeInLeft\" data-wow-delay=\"ms\">\r\n\t\t\t\t    <div id=\"ct_particle_animate-fba487d0\" class=\"center-right shape-animate1\" >\r\n\t\t    \t\t\t\t    \t\t\t    \t\t\t    \t\t    \t<img loading=\"lazy\" decoding=\"async\" width=\"424\" height=\"392\" src=\"https:\/\/test.sdfs.me\/wp-content\/uploads\/2025\/09\/sunlube-4.png\" class=\"attachment-full\" alt=\"\" \/>\t\t\r\n\t\t    <\/div>\r\n\t\t\t<\/div>\r\n\t\t\t\t<\/div>\n\t\t\t\t<\/div>\n\t\t            <\/div>\n        <\/div>\n                    <\/div>\n        <\/section>\n        \t\t<\/div>\n\t\t","protected":false},"excerpt":{"rendered":"<p>Produit Qualit\u00e9 Premium D\u00e9couvrez nos options premium dans cette cat\u00e9gorie. Produit Qualit\u00e9 Premium Explore our premium options under this category. Produit Qualit\u00e9 Premium Explore our premium options under this category. Trouvez le lubrifiant id\u00e9al pour chaque moteur, v\u00e9hicule ou besoin industriel. API CH-4\/SJ API CI-4\/SL API CJ-4<\/p>\n","protected":false},"author":8,"featured_media":0,"parent":0,"menu_order":0,"comment_status":"closed","ping_status":"closed","template":"","meta":{"_acf_changed":false,"footnotes":""},"class_list":["post-19920","page","type-page","status-publish","hentry"],"acf":[],"_links":{"self":[{"href":"https:\/\/test.sdfs.me\/fr\/wp-json\/wp\/v2\/pages\/19920","targetHints":{"allow":["GET"]}}],"collection":[{"href":"https:\/\/test.sdfs.me\/fr\/wp-json\/wp\/v2\/pages"}],"about":[{"href":"https:\/\/test.sdfs.me\/fr\/wp-json\/wp\/v2\/types\/page"}],"author":[{"embeddable":true,"href":"https:\/\/test.sdfs.me\/fr\/wp-json\/wp\/v2\/users\/8"}],"replies":[{"embeddable":true,"href":"https:\/\/test.sdfs.me\/fr\/wp-json\/wp\/v2\/comments?post=19920"}],"version-history":[{"count":3,"href":"https:\/\/test.sdfs.me\/fr\/wp-json\/wp\/v2\/pages\/19920\/revisions"}],"predecessor-version":[{"id":25475,"href":"https:\/\/test.sdfs.me\/fr\/wp-json\/wp\/v2\/pages\/19920\/revisions\/25475"}],"wp:attachment":[{"href":"https:\/\/test.sdfs.me\/fr\/wp-json\/wp\/v2\/media?parent=19920"}],"curies":[{"name":"wp","href":"https:\/\/api.w.org\/{rel}","templated":true}]}}