{"id":19937,"date":"2025-10-05T20:09:24","date_gmt":"2025-10-05T20:09:24","guid":{"rendered":"https:\/\/test.sdfs.me\/greases\/"},"modified":"2026-02-01T21:54:04","modified_gmt":"2026-02-01T21:54:04","slug":"graisses","status":"publish","type":"page","link":"https:\/\/test.sdfs.me\/fr\/graisses\/","title":{"rendered":"Graisses"},"content":{"rendered":"\t\t<div data-elementor-type=\"wp-page\" data-elementor-id=\"19937\" class=\"elementor elementor-19937 elementor-16782\" data-elementor-post-type=\"page\">\n\t\t\t\t        <section data-dce-background-color=\"#EFEFEF\" data-dce-background-overlay-image-url=\"https:\/\/demo.casethemes.net\/industo\/wp-content\/uploads\/2021\/11\/vt-5.png\" class=\"elementor-section elementor-top-section elementor-element elementor-element-365ca29 elementor-section-stretched elementor-section-boxed elementor-section-height-default elementor-section-height-default ct-header-fixed-none ct-column-none ct-row-scroll-none ct-row-gradient--none ct-row-container--default\" data-id=\"365ca29\" data-element_type=\"section\" data-e-type=\"section\" data-settings=\"{&quot;stretch_section&quot;:&quot;section-stretched&quot;,&quot;background_background&quot;:&quot;classic&quot;}\">\n                            <div class=\"elementor-background-overlay\"><\/div>\n                \n                        <div class=\"elementor-container elementor-column-gap-extended \">\n                    <div class=\"elementor-column elementor-col-100 elementor-top-column elementor-element elementor-element-035263a ct-column-none col-offset-none\" data-id=\"035263a\" data-element_type=\"column\" data-e-type=\"column\">\n        <div class=\"elementor-widget-wrap elementor-element-populated\">\n                    \n        \t\t<div class=\"elementor-element elementor-element-49f998f elementor-widget elementor-widget-ct_particle_animate\" data-id=\"49f998f\" data-element_type=\"widget\" data-e-type=\"widget\" data-widget_type=\"ct_particle_animate.default\">\n\t\t\t\t<div class=\"elementor-widget-container\">\n\t\t\t\t\t\t<div class=\"ct-particle-animate el-move-parents img-below-content \" data-wow-delay=\"ms\">\r\n\t\t\t\t    <div id=\"ct_particle_animate-49f998f0\" class=\"top-right shape-animate4\" >\r\n\t\t    \t\t\t\t    \t\t\t    \t<div class=\"ct-inline-css\"  data-css=\"\r\n\t\t\t            .ct-particle-animate #ct_particle_animate-49f998f0 {\r\n\t\t\t                right: 140px;\r\n\t\t\t                top: 80px;\r\n\t\t\t            }\">\r\n\t\t\t        <\/div>\r\n\t\t\t    \t\t\t    \t\t\t    \t\t    \t\t\t\r\n\t\t    <\/div>\r\n\t\t\t\t    <div id=\"ct_particle_animate-49f998f1\" class=\"top-left animate-none\" >\r\n\t\t    \t\t\t\t    \t<div class=\"ct-inline-css\"  data-css=\"\r\n\t\t\t            .ct-particle-animate #ct_particle_animate-49f998f1 {\r\n\t\t\t                left: 15%;\r\n\t\t\t                top: 0px;\r\n\t\t\t            }\">\r\n\t\t\t        <\/div>\r\n\t\t\t    \t\t\t    \t\t\t    \t\t\t    \t\t    \t<img fetchpriority=\"high\" decoding=\"async\" width=\"345\" height=\"303\" src=\"https:\/\/test.sdfs.me\/wp-content\/uploads\/2021\/11\/img-vector1.png\" class=\"attachment-full\" alt=\"\" \/>\t\t\r\n\t\t    <\/div>\r\n\t\t\t<\/div>\r\n\t\t\t\t<\/div>\n\t\t\t\t<\/div>\n\t\t\t\t<div class=\"elementor-element elementor-element-b88cefe elementor-hidden-tablet elementor-hidden-mobile elementor-widget elementor-widget-ct_heading\" data-id=\"b88cefe\" data-element_type=\"widget\" data-e-type=\"widget\" data-widget_type=\"ct_heading.default\">\n\t\t\t\t<div class=\"elementor-widget-container\">\n\t\t\t\t\t<div id=\"ct_heading-b88cefe\" class=\"ct-heading h-align-center item-st-default\">\r\n    <div class=\"heading-wrapper\">\r\n        <div class=\"inner-heading\">\r\n                              <h4 class=\"title-holder\">\r\n                  Produit                <\/h4>\r\n                          \t            \t\t<div class=\"item--sub-title no-image-bg\">\r\n                                                <span>\r\n                            Qualit\u00e9 sup\u00e9rieure                        <\/span>\r\n                    <\/div>\r\n            \t                <h3 class=\"item--title case-animate-time st-default \" data-wow-delay=\"ms\">\r\n                    <span>D\u00e9couvrez nos options premium dans cette cat\u00e9gorie.<\/span>                <\/h3>\r\n        <\/div>\r\n    <\/div>\r\n<\/div>\r\n\t\t\t\t<\/div>\n\t\t\t\t<\/div>\n\t\t\t\t<div class=\"elementor-element elementor-element-5162dab elementor-hidden-desktop elementor-hidden-mobile elementor-widget elementor-widget-ct_heading\" data-id=\"5162dab\" data-element_type=\"widget\" data-e-type=\"widget\" data-widget_type=\"ct_heading.default\">\n\t\t\t\t<div class=\"elementor-widget-container\">\n\t\t\t\t\t<div id=\"ct_heading-5162dab\" class=\"ct-heading h-align-center item-st-default\">\r\n    <div class=\"heading-wrapper\">\r\n        <div class=\"inner-heading\">\r\n                              <h4 class=\"title-holder\">\r\n                  Produit                <\/h4>\r\n                          \t            \t\t<div class=\"item--sub-title no-image-bg\">\r\n                                                <span>\r\n                            Qualit\u00e9 sup\u00e9rieure                        <\/span>\r\n                    <\/div>\r\n            \t                <h3 class=\"item--title case-animate-time st-default \" data-wow-delay=\"ms\">\r\n                    <span>D\u00e9couvrez nos options premium dans cette cat\u00e9gorie.<\/span>                <\/h3>\r\n        <\/div>\r\n    <\/div>\r\n<\/div>\r\n\t\t\t\t<\/div>\n\t\t\t\t<\/div>\n\t\t\t\t<div class=\"elementor-element elementor-element-e20df65 elementor-hidden-desktop elementor-hidden-tablet elementor-widget elementor-widget-ct_heading\" data-id=\"e20df65\" data-element_type=\"widget\" data-e-type=\"widget\" data-widget_type=\"ct_heading.default\">\n\t\t\t\t<div class=\"elementor-widget-container\">\n\t\t\t\t\t<div id=\"ct_heading-e20df65\" class=\"ct-heading h-align-center item-st-default\">\r\n    <div class=\"heading-wrapper\">\r\n        <div class=\"inner-heading\">\r\n                              <h4 class=\"title-holder\">\r\n                  Produit                <\/h4>\r\n                          \t            \t\t<div class=\"item--sub-title no-image-bg\">\r\n                                                <span>\r\n                            Qualit\u00e9 sup\u00e9rieure                        <\/span>\r\n                    <\/div>\r\n            \t                <h3 class=\"item--title case-animate-time st-default \" data-wow-delay=\"ms\">\r\n                    <span>D\u00e9couvrez nos options premium dans cette cat\u00e9gorie.<\/span>                <\/h3>\r\n        <\/div>\r\n    <\/div>\r\n<\/div>\r\n\t\t\t\t<\/div>\n\t\t\t\t<\/div>\n\t\t\t\t<div class=\"elementor-element elementor-element-b41c428 elementor-widget-divider--view-line elementor-widget elementor-widget-divider\" data-id=\"b41c428\" data-element_type=\"widget\" data-e-type=\"widget\" data-widget_type=\"divider.default\">\n\t\t\t\t\t\t\t<div class=\"elementor-divider\">\n\t\t\t<span class=\"elementor-divider-separator\">\n\t\t\t\t\t\t<\/span>\n\t\t<\/div>\n\t\t\t\t\t\t<\/div>\n\t\t\t\t<div class=\"elementor-element elementor-element-b6eeb9f elementor-widget elementor-widget-ct_text_editor\" data-id=\"b6eeb9f\" data-element_type=\"widget\" data-e-type=\"widget\" data-widget_type=\"ct_text_editor.default\">\n\t\t\t\t<div class=\"elementor-widget-container\">\n\t\t\t\t\t<div id=\"ct_text_editor-b6eeb9f\" class=\"ct-text-editor \" data-wow-delay=\"ms\">\n\t<div class=\"ct-inline-css\"  data-css=\"\n        \t\t\">\n\n    <\/div>\n\t<div class=\"ct-text-editor-inner elementor-clearfix\">\n\t\t<blockquote data-start=\"526\" data-end=\"603\"><p data-start=\"528\" data-end=\"603\">Trouvez le lubrifiant id\u00e9al pour chaque moteur, v\u00e9hicule ou besoin industriel.<\/p><\/blockquote><p data-start=\"606\" data-end=\"629\">\u00a0<\/p>\t\t\n\t<\/div>\n<\/div>\t\t\t\t<\/div>\n\t\t\t\t<\/div>\n\t\t<div class=\"elementor-element elementor-element-a951c08 e-grid e-con-boxed e-con e-parent\" data-id=\"a951c08\" data-element_type=\"container\" data-e-type=\"container\">\n\t\t\t\t\t<div class=\"e-con-inner\">\n\t\t<div data-dce-background-color=\"#FFFFFF\" data-dce-background-overlay-color=\"#FFFFFF\" class=\"elementor-element elementor-element-ff0a8bd e-con-full e-flex e-con e-child\" data-id=\"ff0a8bd\" data-element_type=\"container\" data-e-type=\"container\" data-settings=\"{&quot;background_background&quot;:&quot;classic&quot;}\">\n\t\t\t\t<div class=\"elementor-element elementor-element-830bafe elementor-widget elementor-widget-ct_image\" data-id=\"830bafe\" data-element_type=\"widget\" data-e-type=\"widget\" data-widget_type=\"ct_image.default\">\n\t\t\t\t<div class=\"elementor-widget-container\">\n\t\t\t\t\t<div class=\"ct-image-single   \" data-width=\"\" data-height=\"\" data-wow-delay=\"ms\">\r\n            <div class=\"ct-image-single--inner\">\r\n            <a href=\"https:\/\/test.sdfs.me\/product-category\/greases\/calcium-based\/\">                <img decoding=\"async\" width=\"1080\" height=\"1080\" src=\"https:\/\/test.sdfs.me\/wp-content\/uploads\/2021\/12\/SUNLUBE-SAE-5W20.png\" class=\"no-lazyload img-main attachment-full\" alt=\"\" \/>            <\/a>        <\/div>\r\n    <\/div>\t\t\t\t<\/div>\n\t\t\t\t<\/div>\n\t\t\t\t<div class=\"elementor-element elementor-element-7ac5b48 elementor-widget elementor-widget-ct_button\" data-id=\"7ac5b48\" data-element_type=\"widget\" data-e-type=\"widget\" data-widget_type=\"ct_button.default\">\n\t\t\t\t<div class=\"elementor-widget-container\">\n\t\t\t\t\t<div id=\"ct_button-7ac5b48\" class=\"ct-button-wrapper ct-button-layout1\">\r\n    <div class=\"ct-inline-css\"  data-css=\"\r\n        \">\r\n    <\/div>\r\n            <span class=\"ct-icon-active\"><\/span>\r\n        <a href=\"https:\/\/test.sdfs.me\/product-category\/greases\/calcium-based\/\" class=\"btn btn-default  icon-ps-right \" data-wow-delay=\"ms\">\r\n                            <span class=\"ct-button-icon ct-align-icon-right\">\r\n                <i aria-hidden=\"true\" class=\"fas fa-angle-right\"><\/i>            <\/span>\r\n                <span class=\"ct-button-text\">\u00c0 base de calcium<\/span>\r\n    <\/a>\r\n<\/div>\t\t\t\t<\/div>\n\t\t\t\t<\/div>\n\t\t\t\t<\/div>\n\t\t<div data-dce-background-color=\"#FFFFFF\" data-dce-background-overlay-color=\"#FFFFFF\" class=\"elementor-element elementor-element-24ce0d3 e-con-full e-flex e-con e-child\" data-id=\"24ce0d3\" data-element_type=\"container\" data-e-type=\"container\" data-settings=\"{&quot;background_background&quot;:&quot;classic&quot;}\">\n\t\t\t\t<div class=\"elementor-element elementor-element-85f459a elementor-widget elementor-widget-ct_image\" data-id=\"85f459a\" data-element_type=\"widget\" data-e-type=\"widget\" data-widget_type=\"ct_image.default\">\n\t\t\t\t<div class=\"elementor-widget-container\">\n\t\t\t\t\t<div class=\"ct-image-single   \" data-width=\"\" data-height=\"\" data-wow-delay=\"ms\">\r\n            <div class=\"ct-image-single--inner\">\r\n            <a href=\"https:\/\/test.sdfs.me\/product-category\/greases\/lithium-based\/\">                <img decoding=\"async\" width=\"1080\" height=\"1080\" src=\"https:\/\/test.sdfs.me\/wp-content\/uploads\/2021\/12\/SUNLUBE-SAE-5W20.png\" class=\"no-lazyload img-main attachment-full\" alt=\"\" \/>            <\/a>        <\/div>\r\n    <\/div>\t\t\t\t<\/div>\n\t\t\t\t<\/div>\n\t\t\t\t<div class=\"elementor-element elementor-element-a0bf120 elementor-widget elementor-widget-ct_button\" data-id=\"a0bf120\" data-element_type=\"widget\" data-e-type=\"widget\" data-widget_type=\"ct_button.default\">\n\t\t\t\t<div class=\"elementor-widget-container\">\n\t\t\t\t\t<div id=\"ct_button-a0bf120\" class=\"ct-button-wrapper ct-button-layout1\">\r\n    <div class=\"ct-inline-css\"  data-css=\"\r\n        \">\r\n    <\/div>\r\n            <span class=\"ct-icon-active\"><\/span>\r\n        <a href=\"https:\/\/test.sdfs.me\/product-category\/greases\/lithium-based\/\" class=\"btn btn-default  icon-ps-right \" data-wow-delay=\"ms\">\r\n                            <span class=\"ct-button-icon ct-align-icon-right\">\r\n                <i aria-hidden=\"true\" class=\"fas fa-angle-right\"><\/i>            <\/span>\r\n                <span class=\"ct-button-text\">\u00c0 base de lithium<\/span>\r\n    <\/a>\r\n<\/div>\t\t\t\t<\/div>\n\t\t\t\t<\/div>\n\t\t\t\t<\/div>\n\t\t\t\t\t<\/div>\n\t\t\t\t<\/div>\n\t\t\t\t<div class=\"elementor-element elementor-element-fba487d elementor-widget elementor-widget-ct_particle_animate\" data-id=\"fba487d\" data-element_type=\"widget\" data-e-type=\"widget\" data-widget_type=\"ct_particle_animate.default\">\n\t\t\t\t<div class=\"elementor-widget-container\">\n\t\t\t\t\t\t<div class=\"ct-particle-animate el-move-parents img-below-content wow fadeInLeft\" data-wow-delay=\"ms\">\r\n\t\t\t\t    <div id=\"ct_particle_animate-fba487d0\" class=\"center-right shape-animate1\" >\r\n\t\t    \t\t\t\t    \t\t\t    \t\t\t    \t\t    \t<img decoding=\"async\" width=\"424\" height=\"392\" src=\"https:\/\/test.sdfs.me\/wp-content\/uploads\/2025\/09\/sunlube-4.png\" class=\"attachment-full\" alt=\"\" loading=\"lazy\" \/>\t\t\r\n\t\t    <\/div>\r\n\t\t\t<\/div>\r\n\t\t\t\t<\/div>\n\t\t\t\t<\/div>\n\t\t            <\/div>\n        <\/div>\n                    <\/div>\n        <\/section>\n        \t\t<\/div>\n\t\t","protected":false},"excerpt":{"rendered":"<p>Produit Qualit\u00e9 sup\u00e9rieure D\u00e9couvrez nos options premium dans cette cat\u00e9gorie. Produit Qualit\u00e9 sup\u00e9rieure D\u00e9couvrez nos options premium dans cette cat\u00e9gorie. Produit Qualit\u00e9 sup\u00e9rieure D\u00e9couvrez nos options premium dans cette cat\u00e9gorie. Trouvez le lubrifiant id\u00e9al pour chaque moteur, v\u00e9hicule ou besoin industriel. \u00a0 \u00c0 base de calcium \u00c0 base de lithium<\/p>\n","protected":false},"author":8,"featured_media":0,"parent":0,"menu_order":0,"comment_status":"closed","ping_status":"closed","template":"","meta":{"_acf_changed":false,"footnotes":""},"class_list":["post-19937","page","type-page","status-publish","hentry"],"acf":[],"_links":{"self":[{"href":"https:\/\/test.sdfs.me\/fr\/wp-json\/wp\/v2\/pages\/19937","targetHints":{"allow":["GET"]}}],"collection":[{"href":"https:\/\/test.sdfs.me\/fr\/wp-json\/wp\/v2\/pages"}],"about":[{"href":"https:\/\/test.sdfs.me\/fr\/wp-json\/wp\/v2\/types\/page"}],"author":[{"embeddable":true,"href":"https:\/\/test.sdfs.me\/fr\/wp-json\/wp\/v2\/users\/8"}],"replies":[{"embeddable":true,"href":"https:\/\/test.sdfs.me\/fr\/wp-json\/wp\/v2\/comments?post=19937"}],"version-history":[{"count":3,"href":"https:\/\/test.sdfs.me\/fr\/wp-json\/wp\/v2\/pages\/19937\/revisions"}],"predecessor-version":[{"id":25472,"href":"https:\/\/test.sdfs.me\/fr\/wp-json\/wp\/v2\/pages\/19937\/revisions\/25472"}],"wp:attachment":[{"href":"https:\/\/test.sdfs.me\/fr\/wp-json\/wp\/v2\/media?parent=19937"}],"curies":[{"name":"wp","href":"https:\/\/api.w.org\/{rel}","templated":true}]}}