{"id":19961,"date":"2021-11-08T15:21:37","date_gmt":"2021-11-08T15:21:37","guid":{"rendered":"https:\/\/test.sdfs.me\/privacy-policy\/"},"modified":"2026-01-26T16:34:08","modified_gmt":"2026-01-26T16:34:08","slug":"politique-de-confidentialite","status":"publish","type":"page","link":"https:\/\/test.sdfs.me\/fr\/politique-de-confidentialite\/","title":{"rendered":"Politique de Confidentialit\u00e9"},"content":{"rendered":"\t\t<div data-elementor-type=\"wp-page\" data-elementor-id=\"19961\" class=\"elementor elementor-19961 elementor-3\" data-elementor-post-type=\"page\">\n\t\t\t\t<div class=\"elementor-element elementor-element-ee5601f e-flex e-con-boxed e-con e-parent\" data-id=\"ee5601f\" data-element_type=\"container\" data-e-type=\"container\">\n\t\t\t\t\t<div class=\"e-con-inner\">\n\t\t<div class=\"elementor-element elementor-element-d0d0399 e-con-full e-flex e-con e-child\" data-id=\"d0d0399\" data-element_type=\"container\" data-e-type=\"container\">\n\t\t\t\t<div class=\"elementor-element elementor-element-46f0a31 elementor-widget elementor-widget-ct_heading\" data-id=\"46f0a31\" data-element_type=\"widget\" data-e-type=\"widget\" data-widget_type=\"ct_heading.default\">\n\t\t\t\t<div class=\"elementor-widget-container\">\n\t\t\t\t\t<div id=\"ct_heading-46f0a31\" class=\"ct-heading h-align-center item-st-default\">\r\n    <div class=\"heading-wrapper\">\r\n        <div class=\"inner-heading\">\r\n                          \t                <h6 class=\"item--title case-animate-time st-default \" data-wow-delay=\"ms\">\r\n                    <span>QUELS SONT LES DONN\u00c9ES PERSONNELLES QUE NOUS COLLECTONS ET POURQUOI NOUS LES COLLECTONS<\/span>                <\/h6>\r\n        <\/div>\r\n    <\/div>\r\n<\/div>\r\n\t\t\t\t<\/div>\n\t\t\t\t<\/div>\n\t\t\t\t<div class=\"elementor-element elementor-element-805ac6e elementor-widget-divider--view-line elementor-widget elementor-widget-divider\" data-id=\"805ac6e\" data-element_type=\"widget\" data-e-type=\"widget\" data-widget_type=\"divider.default\">\n\t\t\t\t\t\t\t<div class=\"elementor-divider\">\n\t\t\t<span class=\"elementor-divider-separator\">\n\t\t\t\t\t\t<\/span>\n\t\t<\/div>\n\t\t\t\t\t\t<\/div>\n\t\t\t\t<\/div>\n\t\t<div class=\"elementor-element elementor-element-3e69379 e-con-full e-flex e-con e-child\" data-id=\"3e69379\" data-element_type=\"container\" data-e-type=\"container\">\n\t\t\t\t<div class=\"elementor-element elementor-element-e851b57 elementor-widget elementor-widget-text-editor\" data-id=\"e851b57\" data-element_type=\"widget\" data-e-type=\"widget\" data-widget_type=\"text-editor.default\">\n\t\t\t\t\t\t\t\t\t<div class=\"flex flex-col text-sm pb-25\"><article class=\"text-token-text-primary w-full focus:outline-none [--shadow-height:45px] has-data-writing-block:pointer-events-none has-data-writing-block:-mt-(--shadow-height) has-data-writing-block:pt-(--shadow-height) [&amp;:has([data-writing-block])&gt;*]:pointer-events-auto scroll-mt-[calc(var(--header-height)+min(200px,max(70px,20svh)))]\" dir=\"auto\" tabindex=\"-1\" data-turn-id=\"request-695d3163-ac00-832c-8f5c-9af00224f995-14\" data-testid=\"conversation-turn-38\" data-scroll-anchor=\"true\" data-turn=\"assistant\"><div class=\"text-base my-auto mx-auto pb-10 [--thread-content-margin:--spacing(4)] @w-sm\/main:[--thread-content-margin:--spacing(6)] @w-lg\/main:[--thread-content-margin:--spacing(16)] px-(--thread-content-margin)\"><div class=\"[--thread-content-max-width:40rem] @w-lg\/main:[--thread-content-max-width:48rem] mx-auto max-w-(--thread-content-max-width) flex-1 group\/turn-messages focus-visible:outline-hidden relative flex w-full min-w-0 flex-col agent-turn\" tabindex=\"-1\"><div class=\"flex max-w-full flex-col grow\"><div class=\"min-h-8 text-message relative flex w-full flex-col items-end gap-2 text-start break-words whitespace-normal [.text-message+&amp;]:mt-1\" dir=\"auto\" data-message-author-role=\"assistant\" data-message-id=\"6ba3fc1c-732b-4faa-8fbd-4e080d60fbde\" data-message-model-slug=\"gpt-5-mini\"><div class=\"flex w-full flex-col gap-1 empty:hidden first:pt-[1px]\"><div class=\"markdown prose dark:prose-invert w-full break-words dark markdown-new-styling\"><p data-start=\"0\" data-end=\"42\" data-is-last-node=\"\" data-is-only-node=\"\"><strong data-start=\"0\" data-end=\"42\" data-is-last-node=\"\" data-is-only-node=\"\">Date d\u2019entr\u00e9e en vigueur\u202f: <\/strong>3 ao\u00fbt 2025.<\/p><\/div><\/div><\/div><\/div><\/div><\/div><\/article><\/div><div class=\"flex flex-col text-sm pb-25\"><article class=\"text-token-text-primary w-full focus:outline-none [--shadow-height:45px] has-data-writing-block:pointer-events-none has-data-writing-block:-mt-(--shadow-height) has-data-writing-block:pt-(--shadow-height) [&amp;:has([data-writing-block])&gt;*]:pointer-events-auto scroll-mt-[calc(var(--header-height)+min(200px,max(70px,20svh)))]\" dir=\"auto\" tabindex=\"-1\" data-turn-id=\"request-695d3163-ac00-832c-8f5c-9af00224f995-15\" data-testid=\"conversation-turn-40\" data-scroll-anchor=\"true\" data-turn=\"assistant\"><div class=\"text-base my-auto mx-auto pb-10 [--thread-content-margin:--spacing(4)] @w-sm\/main:[--thread-content-margin:--spacing(6)] @w-lg\/main:[--thread-content-margin:--spacing(16)] px-(--thread-content-margin)\"><div class=\"[--thread-content-max-width:40rem] @w-lg\/main:[--thread-content-max-width:48rem] mx-auto max-w-(--thread-content-max-width) flex-1 group\/turn-messages focus-visible:outline-hidden relative flex w-full min-w-0 flex-col agent-turn\" tabindex=\"-1\"><div class=\"flex max-w-full flex-col grow\"><div class=\"min-h-8 text-message relative flex w-full flex-col items-end gap-2 text-start break-words whitespace-normal [.text-message+&amp;]:mt-1\" dir=\"auto\" data-message-author-role=\"assistant\" data-message-id=\"5ca5fcfe-762c-4ad4-8d44-74fc38a9aac5\" data-message-model-slug=\"gpt-5-mini\"><div class=\"flex w-full flex-col gap-1 empty:hidden first:pt-[1px]\"><div class=\"markdown prose dark:prose-invert w-full break-words dark markdown-new-styling\"><p data-start=\"0\" data-end=\"267\" data-is-last-node=\"\" data-is-only-node=\"\">Chez <strong>Sunlube Lubricants<\/strong>, votre vie priv\u00e9e est l\u2019une de nos principales priorit\u00e9s. Cette Politique de Confidentialit\u00e9 explique comment nous collectons, utilisons et prot\u00e9geons vos informations personnelles lorsque vous interagissez avec notre site web ou nos services.<\/p><\/div><\/div><\/div><\/div><\/div><\/div><\/article><\/div>\t\t\t\t\t\t\t\t<\/div>\n\t\t\t\t<\/div>\n\t\t<div class=\"elementor-element elementor-element-a4ea465 e-con-full e-flex e-con e-child\" data-id=\"a4ea465\" data-element_type=\"container\" data-e-type=\"container\">\n\t\t\t\t<div class=\"elementor-element elementor-element-1add747 elementor-widget elementor-widget-ct_heading\" data-id=\"1add747\" data-element_type=\"widget\" data-e-type=\"widget\" data-widget_type=\"ct_heading.default\">\n\t\t\t\t<div class=\"elementor-widget-container\">\n\t\t\t\t\t<div id=\"ct_heading-1add747\" class=\"ct-heading h-align-left item-st-default\">\r\n    <div class=\"heading-wrapper\">\r\n        <div class=\"inner-heading\">\r\n                          \t                <h6 class=\"item--title case-animate-time st-default \" data-wow-delay=\"ms\">\r\n                    <span>1. Informations que nous collectons\n<\/span>                <\/h6>\r\n        <\/div>\r\n    <\/div>\r\n<\/div>\r\n\t\t\t\t<\/div>\n\t\t\t\t<\/div>\n\t\t\t\t<div class=\"elementor-element elementor-element-efa0fef elementor-widget elementor-widget-text-editor\" data-id=\"efa0fef\" data-element_type=\"widget\" data-e-type=\"widget\" data-widget_type=\"text-editor.default\">\n\t\t\t\t\t\t\t\t\t<p data-start=\"130\" data-end=\"182\">Nous pouvons collecter les types d\u2019informations suivants\u202f:<\/p><div class=\"text-base my-auto mx-auto pb-10 [--thread-content-margin:--spacing(4)] @w-sm\/main:[--thread-content-margin:--spacing(6)] @w-lg\/main:[--thread-content-margin:--spacing(16)] px-(--thread-content-margin)\"><div class=\"[--thread-content-max-width:40rem] @w-lg\/main:[--thread-content-max-width:48rem] mx-auto max-w-(--thread-content-max-width) flex-1 group\/turn-messages focus-visible:outline-hidden relative flex w-full min-w-0 flex-col agent-turn\" tabindex=\"-1\"><div class=\"flex max-w-full flex-col grow\"><div class=\"min-h-8 text-message relative flex w-full flex-col items-end gap-2 text-start break-words whitespace-normal [.text-message+&amp;]:mt-1\" dir=\"auto\" data-message-author-role=\"assistant\" data-message-id=\"3f9c41db-f886-4d05-811c-54118c1e0333\" data-message-model-slug=\"gpt-5-mini\"><div class=\"flex w-full flex-col gap-1 empty:hidden first:pt-[1px]\"><div class=\"markdown prose dark:prose-invert w-full break-words dark markdown-new-styling\"><ul><li data-start=\"0\" data-end=\"322\"><strong data-start=\"0\" data-end=\"31\">Informations personnelles<\/strong><strong data-start=\"184\" data-end=\"209\">: <\/strong>Votre nom, adresse e-mail, num\u00e9ro de t\u00e9l\u00e9phone, informations de facturation et de livraison, ainsi que les informations de paiement. Ces donn\u00e9es sont collect\u00e9es lorsque vous passez une commande, vous vous inscrivez sur notre site, vous vous abonnez aux mises \u00e0 jour ou nous contactez directement.<\/li><\/ul><\/div><\/div><\/div><\/div><\/div><\/div><ul><li><strong data-start=\"434\" data-end=\"449\">Donn\u00e9es d\u2019utilisation: <\/strong>D\u00e9tails techniques non identifiables tels que l\u2019adresse IP, le type de navigateur, les informations sur l\u2019appareil et le comportement de navigation. Ces informations nous aident \u00e0 am\u00e9liorer les performances, la s\u00e9curit\u00e9 et l\u2019exp\u00e9rience utilisateur de notre site web.<\/li><\/ul>\t\t\t\t\t\t\t\t<\/div>\n\t\t\t\t<\/div>\n\t\t<div class=\"elementor-element elementor-element-a22f7b2 e-con-full e-flex e-con e-child\" data-id=\"a22f7b2\" data-element_type=\"container\" data-e-type=\"container\">\n\t\t\t\t<div class=\"elementor-element elementor-element-61b60d0 elementor-widget elementor-widget-ct_heading\" data-id=\"61b60d0\" data-element_type=\"widget\" data-e-type=\"widget\" data-widget_type=\"ct_heading.default\">\n\t\t\t\t<div class=\"elementor-widget-container\">\n\t\t\t\t\t<div id=\"ct_heading-61b60d0\" class=\"ct-heading h-align-left item-st-default\">\r\n    <div class=\"heading-wrapper\">\r\n        <div class=\"inner-heading\">\r\n                          \t                <h6 class=\"item--title case-animate-time st-default \" data-wow-delay=\"ms\">\r\n                    <span>2. Comment nous utilisons vos informations<\/span>                <\/h6>\r\n        <\/div>\r\n    <\/div>\r\n<\/div>\r\n\t\t\t\t<\/div>\n\t\t\t\t<\/div>\n\t\t\t\t<div class=\"elementor-element elementor-element-d543e62 elementor-widget elementor-widget-text-editor\" data-id=\"d543e62\" data-element_type=\"widget\" data-e-type=\"widget\" data-widget_type=\"text-editor.default\">\n\t\t\t\t\t\t\t\t\t<div class=\"flex flex-col text-sm pb-25\"><article class=\"text-token-text-primary w-full focus:outline-none [--shadow-height:45px] has-data-writing-block:pointer-events-none has-data-writing-block:-mt-(--shadow-height) has-data-writing-block:pt-(--shadow-height) [&amp;:has([data-writing-block])&gt;*]:pointer-events-auto scroll-mt-[calc(var(--header-height)+min(200px,max(70px,20svh)))]\" dir=\"auto\" tabindex=\"-1\" data-turn-id=\"request-695d3163-ac00-832c-8f5c-9af00224f995-21\" data-testid=\"conversation-turn-52\" data-scroll-anchor=\"true\" data-turn=\"assistant\"><div class=\"text-base my-auto mx-auto pb-10 [--thread-content-margin:--spacing(4)] @w-sm\/main:[--thread-content-margin:--spacing(6)] @w-lg\/main:[--thread-content-margin:--spacing(16)] px-(--thread-content-margin)\"><div class=\"[--thread-content-max-width:40rem] @w-lg\/main:[--thread-content-max-width:48rem] mx-auto max-w-(--thread-content-max-width) flex-1 group\/turn-messages focus-visible:outline-hidden relative flex w-full min-w-0 flex-col agent-turn\" tabindex=\"-1\"><div class=\"flex max-w-full flex-col grow\"><div class=\"min-h-8 text-message relative flex w-full flex-col items-end gap-2 text-start break-words whitespace-normal [.text-message+&amp;]:mt-1\" dir=\"auto\" data-message-author-role=\"assistant\" data-message-id=\"b1ba4c1a-0fbf-4607-b57b-ad16a02076bd\" data-message-model-slug=\"gpt-5-mini\"><div class=\"flex w-full flex-col gap-1 empty:hidden first:pt-[1px]\"><div class=\"markdown prose dark:prose-invert w-full break-words dark markdown-new-styling\"><p data-start=\"0\" data-end=\"73\" data-is-last-node=\"\" data-is-only-node=\"\">Vos informations personnelles peuvent \u00eatre utilis\u00e9es aux fins suivantes\u202f:<\/p><\/div><\/div><\/div><\/div><\/div><\/div><\/article><\/div><ul><li>Pour traiter et livrer vos commandes.<\/li><li>Pour envoyer des confirmations, des mises \u00e0 jour sur la livraison et des offres promotionnelles pertinentes.<\/li><li>Pour r\u00e9pondre aux demandes et fournir un support client.<\/li><li>Pour am\u00e9liorer notre site web, nos produits et l\u2019exp\u00e9rience utilisateur globale.<\/li><li>Pour respecter les obligations l\u00e9gales et r\u00e9glementaires applicables.<\/li><\/ul>\t\t\t\t\t\t\t\t<\/div>\n\t\t\t\t<\/div>\n\t\t<div class=\"elementor-element elementor-element-3314564 e-con-full e-flex e-con e-child\" data-id=\"3314564\" data-element_type=\"container\" data-e-type=\"container\">\n\t\t\t\t<div class=\"elementor-element elementor-element-8213f48 elementor-widget elementor-widget-ct_heading\" data-id=\"8213f48\" data-element_type=\"widget\" data-e-type=\"widget\" data-widget_type=\"ct_heading.default\">\n\t\t\t\t<div class=\"elementor-widget-container\">\n\t\t\t\t\t<div id=\"ct_heading-8213f48\" class=\"ct-heading h-align-left item-st-default\">\r\n    <div class=\"heading-wrapper\">\r\n        <div class=\"inner-heading\">\r\n                          \t                <h6 class=\"item--title case-animate-time st-default \" data-wow-delay=\"ms\">\r\n                    <span>3. S\u00e9curit\u00e9 des Donn\u00e9es<\/span>                <\/h6>\r\n        <\/div>\r\n    <\/div>\r\n<\/div>\r\n\t\t\t\t<\/div>\n\t\t\t\t<\/div>\n\t\t\t\t<div class=\"elementor-element elementor-element-9982f05 elementor-widget elementor-widget-text-editor\" data-id=\"9982f05\" data-element_type=\"widget\" data-e-type=\"widget\" data-widget_type=\"text-editor.default\">\n\t\t\t\t\t\t\t\t\t<p>Nous nous engageons \u00e0 prot\u00e9ger vos informations.<\/p><p>Nous mettons en \u0153uvre des mesures de s\u00e9curit\u00e9 techniques et organisationnelles appropri\u00e9es pour prot\u00e9ger vos donn\u00e9es contre tout acc\u00e8s, divulgation ou modification non autoris\u00e9s. Toutes les transactions sont trait\u00e9es de mani\u00e8re s\u00e9curis\u00e9e via des passerelles de paiement fiables et conformes.<\/p>\t\t\t\t\t\t\t\t<\/div>\n\t\t\t\t<\/div>\n\t\t<div class=\"elementor-element elementor-element-4d92c29 e-con-full e-flex e-con e-child\" data-id=\"4d92c29\" data-element_type=\"container\" data-e-type=\"container\">\n\t\t\t\t<div class=\"elementor-element elementor-element-7d52395 elementor-widget elementor-widget-ct_heading\" data-id=\"7d52395\" data-element_type=\"widget\" data-e-type=\"widget\" data-widget_type=\"ct_heading.default\">\n\t\t\t\t<div class=\"elementor-widget-container\">\n\t\t\t\t\t<div id=\"ct_heading-7d52395\" class=\"ct-heading h-align-left item-st-default\">\r\n    <div class=\"heading-wrapper\">\r\n        <div class=\"inner-heading\">\r\n                          \t                <h6 class=\"item--title case-animate-time st-default \" data-wow-delay=\"ms\">\r\n                    <span>4. Partage de vos Informations<\/span>                <\/h6>\r\n        <\/div>\r\n    <\/div>\r\n<\/div>\r\n\t\t\t\t<\/div>\n\t\t\t\t<\/div>\n\t\t\t\t<div class=\"elementor-element elementor-element-30b9ea0 elementor-widget elementor-widget-text-editor\" data-id=\"30b9ea0\" data-element_type=\"widget\" data-e-type=\"widget\" data-widget_type=\"text-editor.default\">\n\t\t\t\t\t\t\t\t\t<p>Nous ne <strong>vendons<\/strong>, ne <strong>louons<\/strong> ni <strong>n\u2019\u00e9changeons<\/strong> vos informations personnelles.<\/p><p>Cependant, nous pouvons partager vos donn\u00e9es avec des prestataires de services tiers de confiance, tels que les processeurs de paiement et les soci\u00e9t\u00e9s de livraison, uniquement dans le but de traiter vos commandes et d\u2019exploiter nos services.<\/p><p>Ces partenaires sont tenus de respecter des normes strictes de protection des donn\u00e9es et ne peuvent pas utiliser vos informations \u00e0 des fins non li\u00e9es.<\/p>\t\t\t\t\t\t\t\t<\/div>\n\t\t\t\t<\/div>\n\t\t<div class=\"elementor-element elementor-element-ca92719 e-con-full e-flex e-con e-child\" data-id=\"ca92719\" data-element_type=\"container\" data-e-type=\"container\">\n\t\t\t\t<div class=\"elementor-element elementor-element-08c0f85 elementor-widget elementor-widget-ct_heading\" data-id=\"08c0f85\" data-element_type=\"widget\" data-e-type=\"widget\" data-widget_type=\"ct_heading.default\">\n\t\t\t\t<div class=\"elementor-widget-container\">\n\t\t\t\t\t<div id=\"ct_heading-08c0f85\" class=\"ct-heading h-align-left item-st-default\">\r\n    <div class=\"heading-wrapper\">\r\n        <div class=\"inner-heading\">\r\n                          \t                <h6 class=\"item--title case-animate-time st-default \" data-wow-delay=\"ms\">\r\n                    <span>5. Vos Rights<\/span>                <\/h6>\r\n        <\/div>\r\n    <\/div>\r\n<\/div>\r\n\t\t\t\t<\/div>\n\t\t\t\t<\/div>\n\t\t\t\t<div class=\"elementor-element elementor-element-e691304 elementor-widget elementor-widget-text-editor\" data-id=\"e691304\" data-element_type=\"widget\" data-e-type=\"widget\" data-widget_type=\"text-editor.default\">\n\t\t\t\t\t\t\t\t\t<p>Vous avez le droit de\u202f:<\/p><ul><li>Demander l\u2019acc\u00e8s \u00e0 vos informations personnelles.<\/li><li>Demander la correction des donn\u00e9es inexactes ou obsol\u00e8tes.<\/li><li>Demander la suppression de vos donn\u00e9es lorsque la loi le permet.<\/li><li>Retirer votre consentement \u00e0 certaines utilisations de vos donn\u00e9es.<\/li><\/ul><p>Pour exercer ces droits, veuillez nous contacter.<\/p>\t\t\t\t\t\t\t\t<\/div>\n\t\t\t\t<\/div>\n\t\t<div class=\"elementor-element elementor-element-f133f04 e-con-full e-flex e-con e-child\" data-id=\"f133f04\" data-element_type=\"container\" data-e-type=\"container\">\n\t\t\t\t<div class=\"elementor-element elementor-element-1aa5625 elementor-widget elementor-widget-ct_heading\" data-id=\"1aa5625\" data-element_type=\"widget\" data-e-type=\"widget\" data-widget_type=\"ct_heading.default\">\n\t\t\t\t<div class=\"elementor-widget-container\">\n\t\t\t\t\t<div id=\"ct_heading-1aa5625\" class=\"ct-heading h-align-left item-st-default\">\r\n    <div class=\"heading-wrapper\">\r\n        <div class=\"inner-heading\">\r\n                          \t                <h6 class=\"item--title case-animate-time st-default \" data-wow-delay=\"ms\">\r\n                    <span>6.  Cookies and Tracking Technologies<\/span>                <\/h6>\r\n        <\/div>\r\n    <\/div>\r\n<\/div>\r\n\t\t\t\t<\/div>\n\t\t\t\t<\/div>\n\t\t\t\t<div class=\"elementor-element elementor-element-ef2e940 elementor-widget elementor-widget-text-editor\" data-id=\"ef2e940\" data-element_type=\"widget\" data-e-type=\"widget\" data-widget_type=\"text-editor.default\">\n\t\t\t\t\t\t\t\t\t<p>Notre site utilise des cookies pour\u202f:<\/p><ul><li>Activer les fonctionnalit\u00e9s essentielles du site.<\/li><li>Am\u00e9liorer votre exp\u00e9rience de navigation.<\/li><li>Analyser le trafic du site et les habitudes d\u2019utilisation.<\/li><\/ul><p>Vous pouvez g\u00e9rer les param\u00e8tres des cookies via votre navigateur \u00e0 tout moment. En continuant \u00e0 utiliser notre site, vous consentez \u00e0 notre utilisation des cookies conform\u00e9ment \u00e0 cette politique.<\/p>\t\t\t\t\t\t\t\t<\/div>\n\t\t\t\t<\/div>\n\t\t<div class=\"elementor-element elementor-element-b10bfb1 e-con-full e-flex e-con e-child\" data-id=\"b10bfb1\" data-element_type=\"container\" data-e-type=\"container\">\n\t\t\t\t<div class=\"elementor-element elementor-element-1240e89 elementor-widget elementor-widget-ct_heading\" data-id=\"1240e89\" data-element_type=\"widget\" data-e-type=\"widget\" data-widget_type=\"ct_heading.default\">\n\t\t\t\t<div class=\"elementor-widget-container\">\n\t\t\t\t\t<div id=\"ct_heading-1240e89\" class=\"ct-heading h-align-left item-st-default\">\r\n    <div class=\"heading-wrapper\">\r\n        <div class=\"inner-heading\">\r\n                          \t                <h6 class=\"item--title case-animate-time st-default \" data-wow-delay=\"ms\">\r\n                    <span>7. Modifications de Cette Politique<\/span>                <\/h6>\r\n        <\/div>\r\n    <\/div>\r\n<\/div>\r\n\t\t\t\t<\/div>\n\t\t\t\t<\/div>\n\t\t\t\t<div class=\"elementor-element elementor-element-9dd8687 elementor-widget elementor-widget-text-editor\" data-id=\"9dd8687\" data-element_type=\"widget\" data-e-type=\"widget\" data-widget_type=\"text-editor.default\">\n\t\t\t\t\t\t\t\t\t<p>Nous pouvons mettre \u00e0 jour cette Politique de Confidentialit\u00e9 de temps \u00e0 autre afin de refl\u00e9ter les changements dans nos pratiques ou nos obligations l\u00e9gales.<\/p><p>Toute mise \u00e0 jour sera publi\u00e9e sur cette page avec une \u00ab\u202fDate d\u2019entr\u00e9e en vigueur\u202f\u00bb r\u00e9vis\u00e9e en haut. Nous vous encourageons \u00e0 consulter r\u00e9guli\u00e8rement cette politique.<\/p>\t\t\t\t\t\t\t\t<\/div>\n\t\t\t\t<\/div>\n\t\t<div class=\"elementor-element elementor-element-c8ac6a5 e-con-full e-flex e-con e-child\" data-id=\"c8ac6a5\" data-element_type=\"container\" data-e-type=\"container\">\n\t\t\t\t<div class=\"elementor-element elementor-element-6293c5a elementor-widget elementor-widget-ct_heading\" data-id=\"6293c5a\" data-element_type=\"widget\" data-e-type=\"widget\" data-widget_type=\"ct_heading.default\">\n\t\t\t\t<div class=\"elementor-widget-container\">\n\t\t\t\t\t<div id=\"ct_heading-6293c5a\" class=\"ct-heading h-align-left item-st-default\">\r\n    <div class=\"heading-wrapper\">\r\n        <div class=\"inner-heading\">\r\n                          \t                <h6 class=\"item--title case-animate-time st-default \" data-wow-delay=\"ms\">\r\n                    <span>8. Informations de Contact<\/span>                <\/h6>\r\n        <\/div>\r\n    <\/div>\r\n<\/div>\r\n\t\t\t\t<\/div>\n\t\t\t\t<\/div>\n\t\t\t\t<div class=\"elementor-element elementor-element-1078fb7 elementor-widget elementor-widget-text-editor\" data-id=\"1078fb7\" data-element_type=\"widget\" data-e-type=\"widget\" data-widget_type=\"text-editor.default\">\n\t\t\t\t\t\t\t\t\t<p data-start=\"3148\" data-end=\"3255\">Si vous avez des questions, des pr\u00e9occupations ou des demandes concernant votre vie priv\u00e9e ou la pr\u00e9sente politique, n\u2019h\u00e9sitez pas \u00e0 nous contacter\u202f:<\/p><ul><li data-start=\"3259\" data-end=\"3295\"><strong data-start=\"3262\" data-end=\"3272\"><strong data-start=\"3262\" data-end=\"3272\">Email: <a href=\"mailto:info@test.sdfs.me\" target=\"_blank\" rel=\"noopener noreferrer\">info@test.sdfs.me<\/a><\/strong><\/strong><\/li><li data-start=\"3298\" data-end=\"3330\"><strong data-start=\"3301\" data-end=\"3311\"><strong data-start=\"3301\" data-end=\"3311\">T\u00e9l\u00e9phone: <a href=\"tel:+97172434761\">+ 971 7 2434 761<\/a><\/strong><\/strong><\/li><li data-start=\"3298\" data-end=\"3330\"><strong data-start=\"3336\" data-end=\"3348\"><strong data-start=\"3336\" data-end=\"3348\">Adresse: <\/strong><a href=\"https:\/\/www.google.com\/maps?ll=25.660429,55.788909&amp;z=14&amp;t=m&amp;hl=en&amp;gl=AE&amp;mapclient=embed&amp;cid=4914742527404296178\">Plot no.-244, Al Hamra Industrail Area, NFZ, Al Jazeera Al Hamra, Ras Al Khaimah UAE.<\/a><\/strong><\/li><\/ul>\t\t\t\t\t\t\t\t<\/div>\n\t\t\t\t<\/div>\n\t\t\t\t\t<\/div>\n\t\t\t\t<\/div>\n\t\t\t\t<\/div>\n\t\t","protected":false},"excerpt":{"rendered":"<p>QUELS SONT LES DONN\u00c9ES PERSONNELLES QUE NOUS COLLECTONS ET POURQUOI NOUS LES COLLECTONS Date d\u2019entr\u00e9e en vigueur\u202f: 3 ao\u00fbt 2025. Chez Sunlube Lubricants, votre vie priv\u00e9e est l\u2019une de nos principales priorit\u00e9s. Cette Politique de Confidentialit\u00e9 explique comment nous collectons, utilisons et prot\u00e9geons vos informations personnelles lorsque vous interagissez avec notre site web ou nos [&hellip;]<\/p>\n","protected":false},"author":8,"featured_media":0,"parent":0,"menu_order":0,"comment_status":"closed","ping_status":"closed","template":"","meta":{"_acf_changed":false,"footnotes":""},"class_list":["post-19961","page","type-page","status-publish","hentry"],"acf":[],"_links":{"self":[{"href":"https:\/\/test.sdfs.me\/fr\/wp-json\/wp\/v2\/pages\/19961","targetHints":{"allow":["GET"]}}],"collection":[{"href":"https:\/\/test.sdfs.me\/fr\/wp-json\/wp\/v2\/pages"}],"about":[{"href":"https:\/\/test.sdfs.me\/fr\/wp-json\/wp\/v2\/types\/page"}],"author":[{"embeddable":true,"href":"https:\/\/test.sdfs.me\/fr\/wp-json\/wp\/v2\/users\/8"}],"replies":[{"embeddable":true,"href":"https:\/\/test.sdfs.me\/fr\/wp-json\/wp\/v2\/comments?post=19961"}],"version-history":[{"count":0,"href":"https:\/\/test.sdfs.me\/fr\/wp-json\/wp\/v2\/pages\/19961\/revisions"}],"wp:attachment":[{"href":"https:\/\/test.sdfs.me\/fr\/wp-json\/wp\/v2\/media?parent=19961"}],"curies":[{"name":"wp","href":"https:\/\/api.w.org\/{rel}","templated":true}]}}