{"id":19974,"date":"2025-09-06T02:28:17","date_gmt":"2025-09-06T02:28:17","guid":{"rendered":"https:\/\/test.sdfs.me\/terms-of-service\/"},"modified":"2026-01-26T16:31:05","modified_gmt":"2026-01-26T16:31:05","slug":"conditions-dutilisation","status":"publish","type":"page","link":"https:\/\/test.sdfs.me\/fr\/conditions-dutilisation\/","title":{"rendered":"Conditions d&#8217;Utilisation"},"content":{"rendered":"\t\t<div data-elementor-type=\"wp-page\" data-elementor-id=\"19974\" class=\"elementor elementor-19974 elementor-15008\" data-elementor-post-type=\"page\">\n\t\t\t\t<div class=\"elementor-element elementor-element-ee5601f e-flex e-con-boxed e-con e-parent\" data-id=\"ee5601f\" data-element_type=\"container\" data-e-type=\"container\">\n\t\t\t\t\t<div class=\"e-con-inner\">\n\t\t<div class=\"elementor-element elementor-element-ff3305f e-con-full e-flex e-con e-child\" data-id=\"ff3305f\" data-element_type=\"container\" data-e-type=\"container\">\n\t\t\t\t<div class=\"elementor-element elementor-element-cb298b3 elementor-widget elementor-widget-ct_heading\" data-id=\"cb298b3\" data-element_type=\"widget\" data-e-type=\"widget\" data-widget_type=\"ct_heading.default\">\n\t\t\t\t<div class=\"elementor-widget-container\">\n\t\t\t\t\t<div id=\"ct_heading-cb298b3\" class=\"ct-heading h-align-center item-st-default\">\r\n    <div class=\"heading-wrapper\">\r\n        <div class=\"inner-heading\">\r\n                          \t                <h6 class=\"item--title case-animate-time st-default \" data-wow-delay=\"ms\">\r\n                    <span>Conditions d'Utilisation<\/span>                <\/h6>\r\n        <\/div>\r\n    <\/div>\r\n<\/div>\r\n\t\t\t\t<\/div>\n\t\t\t\t<\/div>\n\t\t\t\t<div class=\"elementor-element elementor-element-7c918c4 elementor-widget-divider--view-line elementor-widget elementor-widget-divider\" data-id=\"7c918c4\" data-element_type=\"widget\" data-e-type=\"widget\" data-widget_type=\"divider.default\">\n\t\t\t\t\t\t\t<div class=\"elementor-divider\">\n\t\t\t<span class=\"elementor-divider-separator\">\n\t\t\t\t\t\t<\/span>\n\t\t<\/div>\n\t\t\t\t\t\t<\/div>\n\t\t<div class=\"elementor-element elementor-element-3e69379 e-con-full e-flex e-con e-child\" data-id=\"3e69379\" data-element_type=\"container\" data-e-type=\"container\">\n\t\t\t\t<div class=\"elementor-element elementor-element-e851b57 elementor-widget elementor-widget-text-editor\" data-id=\"e851b57\" data-element_type=\"widget\" data-e-type=\"widget\" data-widget_type=\"text-editor.default\">\n\t\t\t\t\t\t\t\t\t<p data-start=\"301\" data-end=\"502\"><strong>Bienvenue chez Sunlube\u00a0<\/strong><span style=\"box-sizing: border-box; margin: 0px; padding: 0px;\"><strong>Lubricants\u00a0<\/strong>(<\/span>\u00ab nous \u00bb, \u00ab notre \u00bb, \u00ab nos \u00bb). En acc\u00e9dant \u00e0 <a class=\"ng-star-inserted\" href=\"https:\/\/test.sdfs.me\" target=\"_blank\" rel=\"noopener\" data-hveid=\"0\" data-ved=\"0CAAQ_4QMahgKEwjX0qSVn_eRAxUAAAAAHQAAAAAQgQE\">https:\/\/test.sdfs.me<\/a> ou en utilisant nos produits et services, vous acceptez de vous conformer et d&#8217;\u00eatre li\u00e9 par les Conditions d&#8217;Utilisation suivantes.<\/p>\t\t\t\t\t\t\t\t<\/div>\n\t\t\t\t<\/div>\n\t\t\t\t<\/div>\n\t\t<div class=\"elementor-element elementor-element-a4ea465 e-con-full e-flex e-con e-child\" data-id=\"a4ea465\" data-element_type=\"container\" data-e-type=\"container\">\n\t\t\t\t<div class=\"elementor-element elementor-element-1add747 elementor-widget elementor-widget-ct_heading\" data-id=\"1add747\" data-element_type=\"widget\" data-e-type=\"widget\" data-widget_type=\"ct_heading.default\">\n\t\t\t\t<div class=\"elementor-widget-container\">\n\t\t\t\t\t<div id=\"ct_heading-1add747\" class=\"ct-heading h-align-left item-st-default\">\r\n    <div class=\"heading-wrapper\">\r\n        <div class=\"inner-heading\">\r\n                          \t                <h6 class=\"item--title case-animate-time st-default \" data-wow-delay=\"ms\">\r\n                    <span>1. Objet du site web<\/span>                <\/h6>\r\n        <\/div>\r\n    <\/div>\r\n<\/div>\r\n\t\t\t\t<\/div>\n\t\t\t\t<\/div>\n\t\t\t\t<div class=\"elementor-element elementor-element-efa0fef elementor-widget elementor-widget-text-editor\" data-id=\"efa0fef\" data-element_type=\"widget\" data-e-type=\"widget\" data-widget_type=\"text-editor.default\">\n\t\t\t\t\t\t\t\t\t<p data-path-to-node=\"0\">Ce site web sert uniquement de catalogue <strong>de produits et services<\/strong>. Toutes les ventes et transactions commerciales sont effectu\u00e9es directement par notre \u00e9quipe commerciale par t\u00e9l\u00e9phone, e-mail ou contrats officiels.<\/p>\t\t\t\t\t\t\t\t<\/div>\n\t\t\t\t<\/div>\n\t\t<div class=\"elementor-element elementor-element-a22f7b2 e-con-full e-flex e-con e-child\" data-id=\"a22f7b2\" data-element_type=\"container\" data-e-type=\"container\">\n\t\t\t\t<div class=\"elementor-element elementor-element-61b60d0 elementor-widget elementor-widget-ct_heading\" data-id=\"61b60d0\" data-element_type=\"widget\" data-e-type=\"widget\" data-widget_type=\"ct_heading.default\">\n\t\t\t\t<div class=\"elementor-widget-container\">\n\t\t\t\t\t<div id=\"ct_heading-61b60d0\" class=\"ct-heading h-align-left item-st-default\">\r\n    <div class=\"heading-wrapper\">\r\n        <div class=\"inner-heading\">\r\n                          \t                <h6 class=\"item--title case-animate-time st-default \" data-wow-delay=\"ms\">\r\n                    <span>2. Propri\u00e9t\u00e9 intellectuelle<\/span>                <\/h6>\r\n        <\/div>\r\n    <\/div>\r\n<\/div>\r\n\t\t\t\t<\/div>\n\t\t\t\t<\/div>\n\t\t\t\t<div class=\"elementor-element elementor-element-d543e62 elementor-widget elementor-widget-text-editor\" data-id=\"d543e62\" data-element_type=\"widget\" data-e-type=\"widget\" data-widget_type=\"text-editor.default\">\n\t\t\t\t\t\t\t\t\t<p data-start=\"938\" data-end=\"1170\"><span class=\"citation-1 citation-end-1\">Toutes les descriptions de produits, brochures, fiches techniques, visuels et \u00e9l\u00e9ments de marque sur ce site sont la propri\u00e9t\u00e9 de <strong>Sunlube Lubricants<\/strong> et prot\u00e9g\u00e9s par le droit d&#8217;auteur.<\/span> Vous ne pouvez pas reproduire, modifier ou distribuer sans consentement \u00e9crit pr\u00e9alable.<\/p>\t\t\t\t\t\t\t\t<\/div>\n\t\t\t\t<\/div>\n\t\t<div class=\"elementor-element elementor-element-3314564 e-con-full e-flex e-con e-child\" data-id=\"3314564\" data-element_type=\"container\" data-e-type=\"container\">\n\t\t\t\t<div class=\"elementor-element elementor-element-8213f48 elementor-widget elementor-widget-ct_heading\" data-id=\"8213f48\" data-element_type=\"widget\" data-e-type=\"widget\" data-widget_type=\"ct_heading.default\">\n\t\t\t\t<div class=\"elementor-widget-container\">\n\t\t\t\t\t<div id=\"ct_heading-8213f48\" class=\"ct-heading h-align-left item-st-default\">\r\n    <div class=\"heading-wrapper\">\r\n        <div class=\"inner-heading\">\r\n                          \t                <h6 class=\"item--title case-animate-time st-default \" data-wow-delay=\"ms\">\r\n                    <span>3. Utilisation des informations<\/span>                <\/h6>\r\n        <\/div>\r\n    <\/div>\r\n<\/div>\r\n\t\t\t\t<\/div>\n\t\t\t\t<\/div>\n\t\t\t\t<div class=\"elementor-element elementor-element-9982f05 elementor-widget elementor-widget-text-editor\" data-id=\"9982f05\" data-element_type=\"widget\" data-e-type=\"widget\" data-widget_type=\"text-editor.default\">\n\t\t\t\t\t\t\t\t\t<p data-path-to-node=\"0\">Les informations sur ce site web sont fournies \u00e0 titre de<strong> r\u00e9f\u00e9rence g\u00e9n\u00e9rale et \u00e0 des fins de marketing<\/strong>. Elles ne constituent pas un devis contraignant, un contrat ou une garantie de disponibilit\u00e9.<\/p>\t\t\t\t\t\t\t\t<\/div>\n\t\t\t\t<\/div>\n\t\t<div class=\"elementor-element elementor-element-4d92c29 e-con-full e-flex e-con e-child\" data-id=\"4d92c29\" data-element_type=\"container\" data-e-type=\"container\">\n\t\t\t\t<div class=\"elementor-element elementor-element-7d52395 elementor-widget elementor-widget-ct_heading\" data-id=\"7d52395\" data-element_type=\"widget\" data-e-type=\"widget\" data-widget_type=\"ct_heading.default\">\n\t\t\t\t<div class=\"elementor-widget-container\">\n\t\t\t\t\t<div id=\"ct_heading-7d52395\" class=\"ct-heading h-align-left item-st-default\">\r\n    <div class=\"heading-wrapper\">\r\n        <div class=\"inner-heading\">\r\n                          \t                <h6 class=\"item--title case-animate-time st-default \" data-wow-delay=\"ms\">\r\n                    <span>4. Commandes &amp; Ventes<\/span>                <\/h6>\r\n        <\/div>\r\n    <\/div>\r\n<\/div>\r\n\t\t\t\t<\/div>\n\t\t\t\t<\/div>\n\t\t\t\t<div class=\"elementor-element elementor-element-30b9ea0 elementor-widget elementor-widget-text-editor\" data-id=\"30b9ea0\" data-element_type=\"widget\" data-e-type=\"widget\" data-widget_type=\"text-editor.default\">\n\t\t\t\t\t\t\t\t\t<div class=\"flex flex-col text-sm pb-25\"><article class=\"text-token-text-primary w-full focus:outline-none [--shadow-height:45px] has-data-writing-block:pointer-events-none has-data-writing-block:-mt-(--shadow-height) has-data-writing-block:pt-(--shadow-height) [&amp;:has([data-writing-block])&gt;*]:pointer-events-auto scroll-mt-[calc(var(--header-height)+min(200px,max(70px,20svh)))]\" dir=\"auto\" tabindex=\"-1\" data-turn-id=\"request-695d3163-ac00-832c-8f5c-9af00224f995-0\" data-testid=\"conversation-turn-10\" data-scroll-anchor=\"true\" data-turn=\"assistant\"><div class=\"text-base my-auto mx-auto pb-10 [--thread-content-margin:--spacing(4)] @w-sm\/main:[--thread-content-margin:--spacing(6)] @w-lg\/main:[--thread-content-margin:--spacing(16)] px-(--thread-content-margin)\"><div class=\"[--thread-content-max-width:40rem] @w-lg\/main:[--thread-content-max-width:48rem] mx-auto max-w-(--thread-content-max-width) flex-1 group\/turn-messages focus-visible:outline-hidden relative flex w-full min-w-0 flex-col agent-turn\" tabindex=\"-1\"><div class=\"flex max-w-full flex-col grow\"><div class=\"min-h-8 text-message relative flex w-full flex-col items-end gap-2 text-start break-words whitespace-normal [.text-message+&amp;]:mt-1\" dir=\"auto\" data-message-author-role=\"assistant\" data-message-id=\"f6d60a64-d07b-4a55-b711-63a12e37416e\" data-message-model-slug=\"gpt-5-2\"><div class=\"flex w-full flex-col gap-1 empty:hidden first:pt-[1px]\"><div class=\"markdown prose dark:prose-invert w-full break-words dark markdown-new-styling\"><p data-start=\"0\" data-end=\"175\" data-is-last-node=\"\" data-is-only-node=\"\">Orders cannot be placed directly through this website. All purchases must be confirmed through official Sunlube communication channels (email, phone, or in-person agreements).<\/p><\/div><\/div><\/div><\/div><\/div><\/div><\/article><\/div>\t\t\t\t\t\t\t\t<\/div>\n\t\t\t\t<\/div>\n\t\t<div class=\"elementor-element elementor-element-ca92719 e-con-full e-flex e-con e-child\" data-id=\"ca92719\" data-element_type=\"container\" data-e-type=\"container\">\n\t\t\t\t<div class=\"elementor-element elementor-element-08c0f85 elementor-widget elementor-widget-ct_heading\" data-id=\"08c0f85\" data-element_type=\"widget\" data-e-type=\"widget\" data-widget_type=\"ct_heading.default\">\n\t\t\t\t<div class=\"elementor-widget-container\">\n\t\t\t\t\t<div id=\"ct_heading-08c0f85\" class=\"ct-heading h-align-left item-st-default\">\r\n    <div class=\"heading-wrapper\">\r\n        <div class=\"inner-heading\">\r\n                          \t                <h6 class=\"item--title case-animate-time st-default \" data-wow-delay=\"ms\">\r\n                    <span>5. Clause de non-responsabilit\u00e9 &amp; Responsabilit\u00e9<\/span>                <\/h6>\r\n        <\/div>\r\n    <\/div>\r\n<\/div>\r\n\t\t\t\t<\/div>\n\t\t\t\t<\/div>\n\t\t\t\t<div class=\"elementor-element elementor-element-e691304 elementor-widget elementor-widget-text-editor\" data-id=\"e691304\" data-element_type=\"widget\" data-e-type=\"widget\" data-widget_type=\"text-editor.default\">\n\t\t\t\t\t\t\t\t\t<div class=\"flex flex-col text-sm pb-25\"><article class=\"text-token-text-primary w-full focus:outline-none [--shadow-height:45px] has-data-writing-block:pointer-events-none has-data-writing-block:-mt-(--shadow-height) has-data-writing-block:pt-(--shadow-height) [&amp;:has([data-writing-block])&gt;*]:pointer-events-auto scroll-mt-[calc(var(--header-height)+min(200px,max(70px,20svh)))]\" dir=\"auto\" tabindex=\"-1\" data-turn-id=\"request-695d3163-ac00-832c-8f5c-9af00224f995-2\" data-testid=\"conversation-turn-14\" data-scroll-anchor=\"true\" data-turn=\"assistant\"><div class=\"text-base my-auto mx-auto pb-10 [--thread-content-margin:--spacing(4)] @w-sm\/main:[--thread-content-margin:--spacing(6)] @w-lg\/main:[--thread-content-margin:--spacing(16)] px-(--thread-content-margin)\"><div class=\"[--thread-content-max-width:40rem] @w-lg\/main:[--thread-content-max-width:48rem] mx-auto max-w-(--thread-content-max-width) flex-1 group\/turn-messages focus-visible:outline-hidden relative flex w-full min-w-0 flex-col agent-turn\" tabindex=\"-1\"><div class=\"flex max-w-full flex-col grow\"><div class=\"min-h-8 text-message relative flex w-full flex-col items-end gap-2 text-start break-words whitespace-normal [.text-message+&amp;]:mt-1\" dir=\"auto\" data-message-author-role=\"assistant\" data-message-id=\"2e331539-d474-4a70-9068-30180659e945\" data-message-model-slug=\"gpt-5-2\"><div class=\"flex w-full flex-col gap-1 empty:hidden first:pt-[1px]\"><div class=\"markdown prose dark:prose-invert w-full break-words dark markdown-new-styling\"><p data-start=\"0\" data-end=\"284\" data-is-last-node=\"\" data-is-only-node=\"\">Products and content are provided \u00ab en l\u2019\u00e9tat \u00bb. Sunlube ne saurait \u00eatre tenue responsable de tout dommage r\u00e9sultant de l\u2019utilisation ou de la confiance accord\u00e9e au contenu du site web. Les sp\u00e9cifications r\u00e9elles des produits et les prix seront confirm\u00e9s par notre \u00e9quipe commerciale.<\/p><\/div><\/div><\/div><\/div><\/div><\/div><\/article><\/div>\t\t\t\t\t\t\t\t<\/div>\n\t\t\t\t<\/div>\n\t\t<div class=\"elementor-element elementor-element-f133f04 e-con-full e-flex e-con e-child\" data-id=\"f133f04\" data-element_type=\"container\" data-e-type=\"container\">\n\t\t\t\t<div class=\"elementor-element elementor-element-1aa5625 elementor-widget elementor-widget-ct_heading\" data-id=\"1aa5625\" data-element_type=\"widget\" data-e-type=\"widget\" data-widget_type=\"ct_heading.default\">\n\t\t\t\t<div class=\"elementor-widget-container\">\n\t\t\t\t\t<div id=\"ct_heading-1aa5625\" class=\"ct-heading h-align-left item-st-default\">\r\n    <div class=\"heading-wrapper\">\r\n        <div class=\"inner-heading\">\r\n                          \t                <h6 class=\"item--title case-animate-time st-default \" data-wow-delay=\"ms\">\r\n                    <span>6. Modifications des conditions<\/span>                <\/h6>\r\n        <\/div>\r\n    <\/div>\r\n<\/div>\r\n\t\t\t\t<\/div>\n\t\t\t\t<\/div>\n\t\t\t\t<div class=\"elementor-element elementor-element-ef2e940 elementor-widget elementor-widget-text-editor\" data-id=\"ef2e940\" data-element_type=\"widget\" data-e-type=\"widget\" data-widget_type=\"text-editor.default\">\n\t\t\t\t\t\t\t\t\t<div class=\"flex flex-col text-sm pb-25\"><article class=\"text-token-text-primary w-full focus:outline-none [--shadow-height:45px] has-data-writing-block:pointer-events-none has-data-writing-block:-mt-(--shadow-height) has-data-writing-block:pt-(--shadow-height) [&amp;:has([data-writing-block])&gt;*]:pointer-events-auto scroll-mt-[calc(var(--header-height)+min(200px,max(70px,20svh)))]\" dir=\"auto\" tabindex=\"-1\" data-turn-id=\"request-695d3163-ac00-832c-8f5c-9af00224f995-4\" data-testid=\"conversation-turn-18\" data-scroll-anchor=\"true\" data-turn=\"assistant\"><div class=\"text-base my-auto mx-auto pb-10 [--thread-content-margin:--spacing(4)] @w-sm\/main:[--thread-content-margin:--spacing(6)] @w-lg\/main:[--thread-content-margin:--spacing(16)] px-(--thread-content-margin)\"><div class=\"[--thread-content-max-width:40rem] @w-lg\/main:[--thread-content-max-width:48rem] mx-auto max-w-(--thread-content-max-width) flex-1 group\/turn-messages focus-visible:outline-hidden relative flex w-full min-w-0 flex-col agent-turn\" tabindex=\"-1\"><div class=\"flex max-w-full flex-col grow\"><div class=\"min-h-8 text-message relative flex w-full flex-col items-end gap-2 text-start break-words whitespace-normal [.text-message+&amp;]:mt-1\" dir=\"auto\" data-message-author-role=\"assistant\" data-message-id=\"2d380890-15fa-4b21-9161-bcc978a3a578\" data-message-model-slug=\"gpt-5-2\"><div class=\"flex w-full flex-col gap-1 empty:hidden first:pt-[1px]\"><div class=\"markdown prose dark:prose-invert w-full break-words dark markdown-new-styling\"><p data-start=\"0\" data-end=\"136\" data-is-last-node=\"\" data-is-only-node=\"\">Nous pouvons mettre \u00e0 jour les pr\u00e9sentes Conditions \u00e0 tout moment. Les modifications prennent effet d\u00e8s leur publication sur cette page.<\/p><\/div><\/div><\/div><\/div><\/div><\/div><\/article><\/div>\t\t\t\t\t\t\t\t<\/div>\n\t\t\t\t<\/div>\n\t\t<div class=\"elementor-element elementor-element-b10bfb1 e-con-full e-flex e-con e-child\" data-id=\"b10bfb1\" data-element_type=\"container\" data-e-type=\"container\">\n\t\t\t\t<div class=\"elementor-element elementor-element-1240e89 elementor-widget elementor-widget-ct_heading\" data-id=\"1240e89\" data-element_type=\"widget\" data-e-type=\"widget\" data-widget_type=\"ct_heading.default\">\n\t\t\t\t<div class=\"elementor-widget-container\">\n\t\t\t\t\t<div id=\"ct_heading-1240e89\" class=\"ct-heading h-align-left item-st-default\">\r\n    <div class=\"heading-wrapper\">\r\n        <div class=\"inner-heading\">\r\n                          \t                <h6 class=\"item--title case-animate-time st-default \" data-wow-delay=\"ms\">\r\n                    <span>7. Droit applicable<\/span>                <\/h6>\r\n        <\/div>\r\n    <\/div>\r\n<\/div>\r\n\t\t\t\t<\/div>\n\t\t\t\t<\/div>\n\t\t\t\t<div class=\"elementor-element elementor-element-9dd8687 elementor-widget elementor-widget-text-editor\" data-id=\"9dd8687\" data-element_type=\"widget\" data-e-type=\"widget\" data-widget_type=\"text-editor.default\">\n\t\t\t\t\t\t\t\t\t<div class=\"flex flex-col text-sm pb-25\"><article class=\"text-token-text-primary w-full focus:outline-none [--shadow-height:45px] has-data-writing-block:pointer-events-none has-data-writing-block:-mt-(--shadow-height) has-data-writing-block:pt-(--shadow-height) [&amp;:has([data-writing-block])&gt;*]:pointer-events-auto scroll-mt-[calc(var(--header-height)+min(200px,max(70px,20svh)))]\" dir=\"auto\" tabindex=\"-1\" data-turn-id=\"fa75c032-6756-4fb0-af2f-c4ebbec412b1\" data-testid=\"conversation-turn-22\" data-scroll-anchor=\"true\" data-turn=\"assistant\"><div class=\"text-base my-auto mx-auto pb-10 [--thread-content-margin:--spacing(4)] @w-sm\/main:[--thread-content-margin:--spacing(6)] @w-lg\/main:[--thread-content-margin:--spacing(16)] px-(--thread-content-margin)\"><div class=\"[--thread-content-max-width:40rem] @w-lg\/main:[--thread-content-max-width:48rem] mx-auto max-w-(--thread-content-max-width) flex-1 group\/turn-messages focus-visible:outline-hidden relative flex w-full min-w-0 flex-col agent-turn\" tabindex=\"-1\"><div class=\"flex max-w-full flex-col grow\"><div class=\"min-h-8 text-message relative flex w-full flex-col items-end gap-2 text-start break-words whitespace-normal [.text-message+&amp;]:mt-1\" dir=\"auto\" data-message-author-role=\"assistant\" data-message-id=\"6b62a072-f429-4dfd-8786-645880fcac87\" data-message-model-slug=\"gpt-5-mini\"><div class=\"flex w-full flex-col gap-1 empty:hidden first:pt-[1px]\"><div class=\"markdown prose dark:prose-invert w-full break-words dark markdown-new-styling\"><p data-start=\"0\" data-end=\"156\" data-is-last-node=\"\" data-is-only-node=\"\">Les pr\u00e9sentes Conditions sont r\u00e9gies par les lois des <strong>\u00c9mirats arabes unis et de la R\u00e9publique arabe d\u2019\u00c9gypte<\/strong>, selon la succursale qui traite la transaction.<\/p><\/div><\/div><\/div><\/div><\/div><\/div><\/article><\/div>\t\t\t\t\t\t\t\t<\/div>\n\t\t\t\t<\/div>\n\t\t<div class=\"elementor-element elementor-element-c8ac6a5 e-con-full e-flex e-con e-child\" data-id=\"c8ac6a5\" data-element_type=\"container\" data-e-type=\"container\">\n\t\t\t\t<div class=\"elementor-element elementor-element-6293c5a elementor-widget elementor-widget-ct_heading\" data-id=\"6293c5a\" data-element_type=\"widget\" data-e-type=\"widget\" data-widget_type=\"ct_heading.default\">\n\t\t\t\t<div class=\"elementor-widget-container\">\n\t\t\t\t\t<div id=\"ct_heading-6293c5a\" class=\"ct-heading h-align-left item-st-default\">\r\n    <div class=\"heading-wrapper\">\r\n        <div class=\"inner-heading\">\r\n                          \t                <h6 class=\"item--title case-animate-time st-default \" data-wow-delay=\"ms\">\r\n                    <span>8. Informations de contact<\/span>                <\/h6>\r\n        <\/div>\r\n    <\/div>\r\n<\/div>\r\n\t\t\t\t<\/div>\n\t\t\t\t<\/div>\n\t\t\t\t<div class=\"elementor-element elementor-element-1078fb7 elementor-widget elementor-widget-text-editor\" data-id=\"1078fb7\" data-element_type=\"widget\" data-e-type=\"widget\" data-widget_type=\"text-editor.default\">\n\t\t\t\t\t\t\t\t\t<div class=\"flex flex-col text-sm pb-25\"><article class=\"text-token-text-primary w-full focus:outline-none [--shadow-height:45px] has-data-writing-block:pointer-events-none has-data-writing-block:-mt-(--shadow-height) has-data-writing-block:pt-(--shadow-height) [&amp;:has([data-writing-block])&gt;*]:pointer-events-auto scroll-mt-[calc(var(--header-height)+min(200px,max(70px,20svh)))]\" dir=\"auto\" tabindex=\"-1\" data-turn-id=\"request-695d3163-ac00-832c-8f5c-9af00224f995-8\" data-testid=\"conversation-turn-26\" data-scroll-anchor=\"true\" data-turn=\"assistant\"><div class=\"text-base my-auto mx-auto pb-10 [--thread-content-margin:--spacing(4)] @w-sm\/main:[--thread-content-margin:--spacing(6)] @w-lg\/main:[--thread-content-margin:--spacing(16)] px-(--thread-content-margin)\"><div class=\"[--thread-content-max-width:40rem] @w-lg\/main:[--thread-content-max-width:48rem] mx-auto max-w-(--thread-content-max-width) flex-1 group\/turn-messages focus-visible:outline-hidden relative flex w-full min-w-0 flex-col agent-turn\" tabindex=\"-1\"><div class=\"flex max-w-full flex-col grow\"><div class=\"min-h-8 text-message relative flex w-full flex-col items-end gap-2 text-start break-words whitespace-normal [.text-message+&amp;]:mt-1\" dir=\"auto\" data-message-author-role=\"assistant\" data-message-id=\"7bb1fc24-71d7-4b1d-ba5c-7653c965bb9d\" data-message-model-slug=\"gpt-5-mini\"><div class=\"flex w-full flex-col gap-1 empty:hidden first:pt-[1px]\"><div class=\"markdown prose dark:prose-invert w-full break-words dark markdown-new-styling\"><p data-start=\"0\" data-end=\"149\" data-is-last-node=\"\" data-is-only-node=\"\">Si vous avez des questions, des pr\u00e9occupations ou des demandes concernant votre vie priv\u00e9e ou la pr\u00e9sente politique, n\u2019h\u00e9sitez pas \u00e0 nous contacter\u202f:<\/p><\/div><\/div><\/div><\/div><\/div><\/div><\/article><\/div><ul><li data-start=\"3259\" data-end=\"3295\"><strong data-start=\"3262\" data-end=\"3272\"><strong data-start=\"3262\" data-end=\"3272\">Email: <a href=\"mailto:info@test.sdfs.me\" target=\"_blank\" rel=\"noopener noreferrer\">info@test.sdfs.me<\/a><\/strong><\/strong><\/li><li data-start=\"3298\" data-end=\"3330\"><strong data-start=\"3301\" data-end=\"3311\"><strong data-start=\"3301\" data-end=\"3311\">T\u00e9l\u00e9phone: <a href=\"tel:+97172434761\">+ 971 7 2434 761<\/a><\/strong><\/strong><\/li><li data-start=\"3298\" data-end=\"3330\"><strong data-start=\"3336\" data-end=\"3348\"><strong data-start=\"3336\" data-end=\"3348\">Adresse: <\/strong><a href=\"https:\/\/www.google.com\/maps?ll=25.660429,55.788909&amp;z=14&amp;t=m&amp;hl=en&amp;gl=AE&amp;mapclient=embed&amp;cid=4914742527404296178\">Plot no.-244, Al Hamra Industrail Area, NFZ, Al Jazeera Al Hamra, Ras Al Khaimah UAE.<\/a><\/strong><\/li><\/ul>\t\t\t\t\t\t\t\t<\/div>\n\t\t\t\t<\/div>\n\t\t\t\t\t<\/div>\n\t\t\t\t<\/div>\n\t\t\t\t<\/div>\n\t\t","protected":false},"excerpt":{"rendered":"<p>Conditions d&#8217;Utilisation Bienvenue chez Sunlube\u00a0Lubricants\u00a0(\u00ab nous \u00bb, \u00ab notre \u00bb, \u00ab nos \u00bb). En acc\u00e9dant \u00e0 https:\/\/test.sdfs.me ou en utilisant nos produits et services, vous acceptez de vous conformer et d&#8217;\u00eatre li\u00e9 par les Conditions d&#8217;Utilisation suivantes. 1. Objet du site web Ce site web sert uniquement de catalogue de produits et services. Toutes les [&hellip;]<\/p>\n","protected":false},"author":8,"featured_media":0,"parent":0,"menu_order":0,"comment_status":"closed","ping_status":"closed","template":"","meta":{"_acf_changed":false,"footnotes":""},"class_list":["post-19974","page","type-page","status-publish","hentry"],"acf":[],"_links":{"self":[{"href":"https:\/\/test.sdfs.me\/fr\/wp-json\/wp\/v2\/pages\/19974","targetHints":{"allow":["GET"]}}],"collection":[{"href":"https:\/\/test.sdfs.me\/fr\/wp-json\/wp\/v2\/pages"}],"about":[{"href":"https:\/\/test.sdfs.me\/fr\/wp-json\/wp\/v2\/types\/page"}],"author":[{"embeddable":true,"href":"https:\/\/test.sdfs.me\/fr\/wp-json\/wp\/v2\/users\/8"}],"replies":[{"embeddable":true,"href":"https:\/\/test.sdfs.me\/fr\/wp-json\/wp\/v2\/comments?post=19974"}],"version-history":[{"count":0,"href":"https:\/\/test.sdfs.me\/fr\/wp-json\/wp\/v2\/pages\/19974\/revisions"}],"wp:attachment":[{"href":"https:\/\/test.sdfs.me\/fr\/wp-json\/wp\/v2\/media?parent=19974"}],"curies":[{"name":"wp","href":"https:\/\/api.w.org\/{rel}","templated":true}]}}